{"id":2828,"date":"2021-06-21T16:32:10","date_gmt":"2021-06-21T14:32:10","guid":{"rendered":"https:\/\/goalzero.eu\/product\/goal-zero-venture-35-solar-kit\/"},"modified":"2025-08-04T16:05:50","modified_gmt":"2025-08-04T14:05:50","slug":"goal-zero-venture-35-solar-kit","status":"publish","type":"product","link":"https:\/\/goalzero.eu\/dk\/product\/goal-zero-venture-35-solar-kit\/","title":{"rendered":"Venture 35 9600 mAh Powerbank + Nomad 10 Solar Kit"},"content":{"rendered":"","protected":false},"excerpt":{"rendered":"<p>Vores opgraderede Venture 35 powerbank har allieret sig med solcellepanelet Nomad 10 og leverer en endel\u00f8s forsyning af robust, b\u00e6rbar str\u00f8m. Denne powerbank p\u00e5 9600 mAh er perfekt til udend\u00f8rs fritidsaktiviteter og til n\u00f8dstilf\u00e6lde, og er udstyret med en st\u00f8v-\/vandt\u00e6t IP67-klassificering, en 18W USB-C str\u00f8mforsyningsport og to USB-udgangsporte til opladning af flere enheder p\u00e5 en gang. Genoplad Venture 35 via v\u00e6gkontakten eller tilslut til Nomad 10, s\u00e5 du kan oplade via solen, n\u00e5r du ikke er p\u00e5 nettet.<\/p>\n","protected":false},"featured_media":2836,"comment_status":"closed","ping_status":"closed","template":"","meta":[],"product_brand":[],"product_cat":[51,50,83,53],"product_tag":[],"activity":[21,67,66,20,19],"ideal_for":[27,77,24,70,75],"ports":[],"class_list":{"0":"post-2828","1":"product","2":"type-product","3":"status-publish","4":"has-post-thumbnail","6":"product_cat-kits-best-sellers","7":"product_cat-kits","8":"product_cat-outlet","9":"product_cat-kits-power-bank-kits","10":"product_shipping_class-goalzero","11":"activity-kamperen","12":"activity-festival","13":"activity-wandelen","14":"activity-fotograferen","15":"activity-wereldreis","16":"ideal_for-camera","17":"ideal_for-powerbank","18":"ideal_for-tablet","19":"ideal_for-telefoon","20":"ideal_for-tent","22":"first","23":"outofstock","24":"taxable","25":"shipping-taxable","26":"product-type-simple"},"bundled_by":[],"bundle_stock_status":"outofstock","bundle_stock_quantity":0,"bundle_virtual":false,"bundle_layout":"","bundle_add_to_cart_form_location":"","bundle_editable_in_cart":false,"bundle_sold_individually_context":"","bundle_item_grouping":"","bundle_min_size":"","bundle_max_size":"","bundle_price":[],"bundled_items":[],"bundle_sell_ids":[],"acf":[],"_links":{"self":[{"href":"https:\/\/goalzero.eu\/dk\/wp-json\/wp\/v2\/product\/2828","targetHints":{"allow":["GET"]}}],"collection":[{"href":"https:\/\/goalzero.eu\/dk\/wp-json\/wp\/v2\/product"}],"about":[{"href":"https:\/\/goalzero.eu\/dk\/wp-json\/wp\/v2\/types\/product"}],"replies":[{"embeddable":true,"href":"https:\/\/goalzero.eu\/dk\/wp-json\/wp\/v2\/comments?post=2828"}],"wp:featuredmedia":[{"embeddable":true,"href":"https:\/\/goalzero.eu\/dk\/wp-json\/wp\/v2\/media\/2836"}],"wp:attachment":[{"href":"https:\/\/goalzero.eu\/dk\/wp-json\/wp\/v2\/media?parent=2828"}],"wp:term":[{"taxonomy":"product_brand","embeddable":true,"href":"https:\/\/goalzero.eu\/dk\/wp-json\/wp\/v2\/product_brand?post=2828"},{"taxonomy":"product_cat","embeddable":true,"href":"https:\/\/goalzero.eu\/dk\/wp-json\/wp\/v2\/product_cat?post=2828"},{"taxonomy":"product_tag","embeddable":true,"href":"https:\/\/goalzero.eu\/dk\/wp-json\/wp\/v2\/product_tag?post=2828"},{"taxonomy":"activity","embeddable":true,"href":"https:\/\/goalzero.eu\/dk\/wp-json\/wp\/v2\/activity?post=2828"},{"taxonomy":"ideal_for","embeddable":true,"href":"https:\/\/goalzero.eu\/dk\/wp-json\/wp\/v2\/ideal_for?post=2828"},{"taxonomy":"ports","embeddable":true,"href":"https:\/\/goalzero.eu\/dk\/wp-json\/wp\/v2\/ports?post=2828"}],"curies":[{"name":"wp","href":"https:\/\/api.w.org\/{rel}","templated":true}]}}