{"id":2540,"date":"2021-06-11T15:32:04","date_gmt":"2021-06-11T13:32:04","guid":{"rendered":"https:\/\/goalzero.eu\/product\/goal-zero-yeti-x-230w-psu-oplader\/"},"modified":"2025-08-04T16:05:50","modified_gmt":"2025-08-04T14:05:50","slug":"yeti-x-230w-power-supply","status":"publish","type":"product","link":"https:\/\/goalzero.eu\/dk\/product\/yeti-x-230w-power-supply\/","title":{"rendered":"Yeti X 230W Power Supply Charger"},"content":{"rendered":"","protected":false},"excerpt":{"rendered":"<div><span lang=\"DA\">Oplad din Yeti 1000X eller 1500X endnu hurtigere med vores nye Yeti X 230W str\u00f8mforsyning. Denne 230W str\u00f8mforsyning er designet eksklusivt til vores Yeti X-serie for at halvere opladningstiden, og kan ikke bruges til Yeti Lithium str\u00f8mstationer eller Yeti str\u00f8mstationer med blysyrebatteri. Yeti X 230W str\u00f8mforsyningen er ogs\u00e5 en reservestr\u00f8mforsyning til 3000X. Bem\u00e6rk: Kompatibel med Yeti X str\u00f8mstationer p\u00e5 1000X og derover. Ikke kompatibel med Yeti str\u00f8mstationer med blysyrebatteri, eller str\u00f8mstationerne Yeti Lithium eller Yeti 200X\/500X<\/span><\/div>\n<div><span lang=\"DA\">.<\/span><\/div>\n","protected":false},"featured_media":2276,"comment_status":"closed","ping_status":"closed","template":"","meta":[],"product_brand":[],"product_cat":[46,29],"product_tag":[],"activity":[69,21,68,22,23],"ideal_for":[78],"ports":[],"class_list":{"0":"post-2540","1":"product","2":"type-product","3":"status-publish","4":"has-post-thumbnail","6":"product_cat-accessoires-power-station-accessoires","7":"product_cat-accessoires","8":"product_shipping_class-goalzero","9":"activity-barbecue-elektrisch","10":"activity-kamperen","11":"activity-klussen-bouw","12":"activity-noodstroom","13":"activity-schuur-garage","14":"ideal_for-power-station","16":"first","17":"outofstock","18":"taxable","19":"shipping-taxable","20":"product-type-simple"},"bundled_by":[],"bundle_stock_status":"outofstock","bundle_stock_quantity":0,"bundle_virtual":false,"bundle_layout":"","bundle_add_to_cart_form_location":"","bundle_editable_in_cart":false,"bundle_sold_individually_context":"","bundle_item_grouping":"","bundle_min_size":"","bundle_max_size":"","bundle_price":[],"bundled_items":[],"bundle_sell_ids":[],"acf":[],"_links":{"self":[{"href":"https:\/\/goalzero.eu\/dk\/wp-json\/wp\/v2\/product\/2540","targetHints":{"allow":["GET"]}}],"collection":[{"href":"https:\/\/goalzero.eu\/dk\/wp-json\/wp\/v2\/product"}],"about":[{"href":"https:\/\/goalzero.eu\/dk\/wp-json\/wp\/v2\/types\/product"}],"replies":[{"embeddable":true,"href":"https:\/\/goalzero.eu\/dk\/wp-json\/wp\/v2\/comments?post=2540"}],"wp:featuredmedia":[{"embeddable":true,"href":"https:\/\/goalzero.eu\/dk\/wp-json\/wp\/v2\/media\/2276"}],"wp:attachment":[{"href":"https:\/\/goalzero.eu\/dk\/wp-json\/wp\/v2\/media?parent=2540"}],"wp:term":[{"taxonomy":"product_brand","embeddable":true,"href":"https:\/\/goalzero.eu\/dk\/wp-json\/wp\/v2\/product_brand?post=2540"},{"taxonomy":"product_cat","embeddable":true,"href":"https:\/\/goalzero.eu\/dk\/wp-json\/wp\/v2\/product_cat?post=2540"},{"taxonomy":"product_tag","embeddable":true,"href":"https:\/\/goalzero.eu\/dk\/wp-json\/wp\/v2\/product_tag?post=2540"},{"taxonomy":"activity","embeddable":true,"href":"https:\/\/goalzero.eu\/dk\/wp-json\/wp\/v2\/activity?post=2540"},{"taxonomy":"ideal_for","embeddable":true,"href":"https:\/\/goalzero.eu\/dk\/wp-json\/wp\/v2\/ideal_for?post=2540"},{"taxonomy":"ports","embeddable":true,"href":"https:\/\/goalzero.eu\/dk\/wp-json\/wp\/v2\/ports?post=2540"}],"curies":[{"name":"wp","href":"https:\/\/api.w.org\/{rel}","templated":true}]}}