{"id":2520,"date":"2021-06-11T15:31:57","date_gmt":"2021-06-11T13:31:57","guid":{"rendered":"https:\/\/goalzero.eu\/product\/goal-zero-high-power-port-naar-8mm\/"},"modified":"2025-08-04T16:05:49","modified_gmt":"2025-08-04T14:05:49","slug":"goal-zero-high-power-port-to-8mm","status":"publish","type":"product","link":"https:\/\/goalzero.eu\/dk\/product\/goal-zero-high-power-port-to-8mm\/","title":{"rendered":"High Power Port to 8mm"},"content":{"rendered":"","protected":false},"excerpt":{"rendered":"<div><span lang=\"DA\">Til tilslutning af solcellepaneler med HPP-konnektorer til et 8mm input p\u00e5 en Goal Zero Yeti eller Sherpa str\u00f8mforsyningsenhed. BEM\u00c6RK: Man m\u00e5 ikke overskride 14 AMP med dette adapterkabel<\/span><span lang=\"DA\">.<\/span><\/div>\n","protected":false},"featured_media":1974,"comment_status":"closed","ping_status":"closed","template":"","meta":[],"product_brand":[],"product_cat":[47,29],"product_tag":[],"activity":[69,21,68,22,64,23],"ideal_for":[78],"ports":[],"class_list":{"0":"post-2520","1":"product","2":"type-product","3":"status-publish","4":"has-post-thumbnail","6":"product_cat-accessoires-solar-accessoires","7":"product_cat-accessoires","8":"product_shipping_class-goalzero","9":"activity-barbecue-elektrisch","10":"activity-kamperen","11":"activity-klussen-bouw","12":"activity-noodstroom","13":"activity-camper-inbouw","14":"activity-schuur-garage","15":"ideal_for-power-station","17":"first","18":"outofstock","19":"taxable","20":"shipping-taxable","21":"product-type-simple"},"bundled_by":[],"bundle_stock_status":"outofstock","bundle_stock_quantity":0,"bundle_virtual":false,"bundle_layout":"","bundle_add_to_cart_form_location":"","bundle_editable_in_cart":false,"bundle_sold_individually_context":"","bundle_item_grouping":"","bundle_min_size":"","bundle_max_size":"","bundle_price":[],"bundled_items":[],"bundle_sell_ids":[],"acf":[],"_links":{"self":[{"href":"https:\/\/goalzero.eu\/dk\/wp-json\/wp\/v2\/product\/2520","targetHints":{"allow":["GET"]}}],"collection":[{"href":"https:\/\/goalzero.eu\/dk\/wp-json\/wp\/v2\/product"}],"about":[{"href":"https:\/\/goalzero.eu\/dk\/wp-json\/wp\/v2\/types\/product"}],"replies":[{"embeddable":true,"href":"https:\/\/goalzero.eu\/dk\/wp-json\/wp\/v2\/comments?post=2520"}],"wp:featuredmedia":[{"embeddable":true,"href":"https:\/\/goalzero.eu\/dk\/wp-json\/wp\/v2\/media\/1974"}],"wp:attachment":[{"href":"https:\/\/goalzero.eu\/dk\/wp-json\/wp\/v2\/media?parent=2520"}],"wp:term":[{"taxonomy":"product_brand","embeddable":true,"href":"https:\/\/goalzero.eu\/dk\/wp-json\/wp\/v2\/product_brand?post=2520"},{"taxonomy":"product_cat","embeddable":true,"href":"https:\/\/goalzero.eu\/dk\/wp-json\/wp\/v2\/product_cat?post=2520"},{"taxonomy":"product_tag","embeddable":true,"href":"https:\/\/goalzero.eu\/dk\/wp-json\/wp\/v2\/product_tag?post=2520"},{"taxonomy":"activity","embeddable":true,"href":"https:\/\/goalzero.eu\/dk\/wp-json\/wp\/v2\/activity?post=2520"},{"taxonomy":"ideal_for","embeddable":true,"href":"https:\/\/goalzero.eu\/dk\/wp-json\/wp\/v2\/ideal_for?post=2520"},{"taxonomy":"ports","embeddable":true,"href":"https:\/\/goalzero.eu\/dk\/wp-json\/wp\/v2\/ports?post=2520"}],"curies":[{"name":"wp","href":"https:\/\/api.w.org\/{rel}","templated":true}]}}