{"id":2496,"date":"2021-06-11T15:31:41","date_gmt":"2021-06-11T13:31:41","guid":{"rendered":"https:\/\/goalzero.eu\/product\/goal-zero-yeti-6000x\/"},"modified":"2025-08-04T16:05:48","modified_gmt":"2025-08-04T14:05:48","slug":"goal-zero-yeti-6000x","status":"publish","type":"product","link":"https:\/\/goalzero.eu\/dk\/product\/goal-zero-yeti-6000x\/","title":{"rendered":"Yeti 6000X"},"content":{"rendered":"","protected":false},"excerpt":{"rendered":"<p>Vi introducerer str\u00f8mstationen med den h\u00f8jeste kapacitet til dato. Yeti 6000X er udstyret med 6000 Watt-timers litium-str\u00f8m og forsyner enheder og udstyr med et h\u00f8jt str\u00f8mforbrug i flere dage i tr\u00e6k. Du kan udnytte en bred vifte af muligheder for str\u00f8mforsyning med syv alsidige porte, herunder to af branchens f\u00f8rende 2000W Ac-porte, som k\u00f8rer alt hvad der kan k\u00f8res fra en v\u00e6gkontakt. Du kan str\u00f8mforsyne autocampere, offline events, arbejdsstationer, vigtige kredsl\u00f8b i dit hjem, og meget mere.<\/p>\n","protected":false},"featured_media":3482,"comment_status":"closed","ping_status":"closed","template":"","meta":[],"product_brand":[],"product_cat":[83,39,18],"product_tag":[],"activity":[69,68,22,64,23],"ideal_for":[27,28,73,71,72,25,35,76,77,74,24,70,26,75],"ports":[],"class_list":{"0":"post-2496","1":"product","2":"type-product","3":"status-publish","4":"has-post-thumbnail","6":"product_cat-outlet","7":"product_cat-power-power-stations","8":"product_cat-power","9":"product_shipping_class-goalzero","10":"activity-barbecue-elektrisch","11":"activity-klussen-bouw","12":"activity-noodstroom","13":"activity-camper-inbouw","14":"activity-schuur-garage","15":"ideal_for-camera","16":"ideal_for-cool-box","17":"ideal_for-cpap","18":"ideal_for-laptop-type-c-stekker","19":"ideal_for-laptop-type-f-stekker","20":"ideal_for-laptop-usb-c","21":"ideal_for-camper","22":"ideal_for-elektrisch-gereedschap","23":"ideal_for-powerbank","24":"ideal_for-koelkast","25":"ideal_for-tablet","26":"ideal_for-telefoon","27":"ideal_for-televisie","28":"ideal_for-tent","30":"first","31":"outofstock","32":"taxable","33":"shipping-taxable","34":"product-type-simple"},"bundled_by":["3833"],"bundle_stock_status":"outofstock","bundle_stock_quantity":0,"bundle_virtual":false,"bundle_layout":"","bundle_add_to_cart_form_location":"","bundle_editable_in_cart":false,"bundle_sold_individually_context":"","bundle_item_grouping":"","bundle_min_size":"","bundle_max_size":"","bundle_price":[],"bundled_items":[],"bundle_sell_ids":[],"acf":[],"_links":{"self":[{"href":"https:\/\/goalzero.eu\/dk\/wp-json\/wp\/v2\/product\/2496","targetHints":{"allow":["GET"]}}],"collection":[{"href":"https:\/\/goalzero.eu\/dk\/wp-json\/wp\/v2\/product"}],"about":[{"href":"https:\/\/goalzero.eu\/dk\/wp-json\/wp\/v2\/types\/product"}],"replies":[{"embeddable":true,"href":"https:\/\/goalzero.eu\/dk\/wp-json\/wp\/v2\/comments?post=2496"}],"wp:featuredmedia":[{"embeddable":true,"href":"https:\/\/goalzero.eu\/dk\/wp-json\/wp\/v2\/media\/3482"}],"wp:attachment":[{"href":"https:\/\/goalzero.eu\/dk\/wp-json\/wp\/v2\/media?parent=2496"}],"wp:term":[{"taxonomy":"product_brand","embeddable":true,"href":"https:\/\/goalzero.eu\/dk\/wp-json\/wp\/v2\/product_brand?post=2496"},{"taxonomy":"product_cat","embeddable":true,"href":"https:\/\/goalzero.eu\/dk\/wp-json\/wp\/v2\/product_cat?post=2496"},{"taxonomy":"product_tag","embeddable":true,"href":"https:\/\/goalzero.eu\/dk\/wp-json\/wp\/v2\/product_tag?post=2496"},{"taxonomy":"activity","embeddable":true,"href":"https:\/\/goalzero.eu\/dk\/wp-json\/wp\/v2\/activity?post=2496"},{"taxonomy":"ideal_for","embeddable":true,"href":"https:\/\/goalzero.eu\/dk\/wp-json\/wp\/v2\/ideal_for?post=2496"},{"taxonomy":"ports","embeddable":true,"href":"https:\/\/goalzero.eu\/dk\/wp-json\/wp\/v2\/ports?post=2496"}],"curies":[{"name":"wp","href":"https:\/\/api.w.org\/{rel}","templated":true}]}}