{"id":2492,"date":"2021-06-11T15:31:41","date_gmt":"2021-06-11T13:31:41","guid":{"rendered":"https:\/\/goalzero.eu\/product\/goal-zero-yeti-500x\/"},"modified":"2025-08-04T16:05:46","modified_gmt":"2025-08-04T14:05:46","slug":"goal-zero-yeti-500x","status":"publish","type":"product","link":"https:\/\/goalzero.eu\/dk\/product\/goal-zero-yeti-500x\/","title":{"rendered":"Yeti 500X"},"content":{"rendered":"","protected":false},"excerpt":{"rendered":"<div><span lang=\"DA\">Hold alle dit mindre og mellemstore udstyr og dine enheder opladet med Yeti 500X b\u00e6rbar str\u00f8mstation. 500X er designet til at proppe 20 % mere str\u00f8m ind i en 20 % mindre og lettere skal end forg\u00e6ngeren, og den er perfekt til l\u00e6ngere campingture, havefester eller str\u00f8m, n\u00e5r du er p\u00e5 farten, i tilf\u00e6lde af en n\u00f8dsituation.<\/span><\/div>\n","protected":false},"featured_media":1396,"comment_status":"closed","ping_status":"closed","template":"","meta":[],"product_brand":[],"product_cat":[83,39,18],"product_tag":[],"activity":[21,68,22,67,64,20,23],"ideal_for":[27,28,73,71,72,25,35,77,74,24,70,26,75],"ports":[],"class_list":{"0":"post-2492","1":"product","2":"type-product","3":"status-publish","4":"has-post-thumbnail","6":"product_cat-outlet","7":"product_cat-power-power-stations","8":"product_cat-power","9":"product_shipping_class-goalzero","10":"activity-kamperen","11":"activity-klussen-bouw","12":"activity-noodstroom","13":"activity-festival","14":"activity-camper-inbouw","15":"activity-fotograferen","16":"activity-schuur-garage","17":"ideal_for-camera","18":"ideal_for-cool-box","19":"ideal_for-cpap","20":"ideal_for-laptop-type-c-stekker","21":"ideal_for-laptop-type-f-stekker","22":"ideal_for-laptop-usb-c","23":"ideal_for-camper","24":"ideal_for-powerbank","25":"ideal_for-koelkast","26":"ideal_for-tablet","27":"ideal_for-telefoon","28":"ideal_for-televisie","29":"ideal_for-tent","31":"first","32":"outofstock","33":"taxable","34":"shipping-taxable","35":"product-type-simple"},"bundled_by":["3831","3911","4210","4209"],"bundle_stock_status":"outofstock","bundle_stock_quantity":0,"bundle_virtual":false,"bundle_layout":"","bundle_add_to_cart_form_location":"","bundle_editable_in_cart":false,"bundle_sold_individually_context":"","bundle_item_grouping":"","bundle_min_size":"","bundle_max_size":"","bundle_price":[],"bundled_items":[],"bundle_sell_ids":[],"acf":[],"_links":{"self":[{"href":"https:\/\/goalzero.eu\/dk\/wp-json\/wp\/v2\/product\/2492","targetHints":{"allow":["GET"]}}],"collection":[{"href":"https:\/\/goalzero.eu\/dk\/wp-json\/wp\/v2\/product"}],"about":[{"href":"https:\/\/goalzero.eu\/dk\/wp-json\/wp\/v2\/types\/product"}],"replies":[{"embeddable":true,"href":"https:\/\/goalzero.eu\/dk\/wp-json\/wp\/v2\/comments?post=2492"}],"wp:featuredmedia":[{"embeddable":true,"href":"https:\/\/goalzero.eu\/dk\/wp-json\/wp\/v2\/media\/1396"}],"wp:attachment":[{"href":"https:\/\/goalzero.eu\/dk\/wp-json\/wp\/v2\/media?parent=2492"}],"wp:term":[{"taxonomy":"product_brand","embeddable":true,"href":"https:\/\/goalzero.eu\/dk\/wp-json\/wp\/v2\/product_brand?post=2492"},{"taxonomy":"product_cat","embeddable":true,"href":"https:\/\/goalzero.eu\/dk\/wp-json\/wp\/v2\/product_cat?post=2492"},{"taxonomy":"product_tag","embeddable":true,"href":"https:\/\/goalzero.eu\/dk\/wp-json\/wp\/v2\/product_tag?post=2492"},{"taxonomy":"activity","embeddable":true,"href":"https:\/\/goalzero.eu\/dk\/wp-json\/wp\/v2\/activity?post=2492"},{"taxonomy":"ideal_for","embeddable":true,"href":"https:\/\/goalzero.eu\/dk\/wp-json\/wp\/v2\/ideal_for?post=2492"},{"taxonomy":"ports","embeddable":true,"href":"https:\/\/goalzero.eu\/dk\/wp-json\/wp\/v2\/ports?post=2492"}],"curies":[{"name":"wp","href":"https:\/\/api.w.org\/{rel}","templated":true}]}}