{"id":2487,"date":"2021-06-11T15:31:41","date_gmt":"2021-06-11T13:31:41","guid":{"rendered":"https:\/\/goalzero.eu\/product\/goal-zero-crushlight-chroma\/"},"modified":"2025-08-04T16:05:46","modified_gmt":"2025-08-04T14:05:46","slug":"goal-zero-crushlight-chroma","status":"publish","type":"product","link":"https:\/\/goalzero.eu\/dk\/product\/goal-zero-crushlight-chroma\/","title":{"rendered":"CrushLight Chroma"},"content":{"rendered":"","protected":false},"excerpt":{"rendered":"<div><span lang=\"DA\">Den farverige Crush Light Chroma er en letv\u00e6gter og nem at pakke, og forvandler enhver campingplads til en fest. Denne sammenpresselige solcellelanterne byder p\u00e5 seks farvetilstand og et flerfarvet fade ud over de samme tre, hvide lysindstillinger og tilstanden som et flakkende stearinlys p\u00e5 den prisvindende Crush Light. Oplad den hurtigt fra enhver USB-port f\u00f8r du tager af sted, og brug det indbyggede solcellepanel til at holde den str\u00f8mforsynet via solen, mens du er p\u00e5 eventyr.<\/span><\/div>\n","protected":false},"featured_media":2626,"comment_status":"closed","ping_status":"closed","template":"","meta":[],"product_brand":[],"product_cat":[86,88,83],"product_tag":[],"activity":[21,66,19],"ideal_for":[75],"ports":[],"class_list":{"0":"post-2487","1":"product","2":"type-product","3":"status-publish","4":"has-post-thumbnail","6":"product_cat-lampen","7":"product_cat-lantaarns","8":"product_cat-outlet","9":"product_shipping_class-goalzero","10":"activity-kamperen","11":"activity-wandelen","12":"activity-wereldreis","13":"ideal_for-tent","15":"first","16":"outofstock","17":"taxable","18":"shipping-taxable","19":"product-type-simple"},"bundled_by":[],"bundle_stock_status":"outofstock","bundle_stock_quantity":0,"bundle_virtual":false,"bundle_layout":"","bundle_add_to_cart_form_location":"","bundle_editable_in_cart":false,"bundle_sold_individually_context":"","bundle_item_grouping":"","bundle_min_size":"","bundle_max_size":"","bundle_price":[],"bundled_items":[],"bundle_sell_ids":[],"acf":[],"_links":{"self":[{"href":"https:\/\/goalzero.eu\/dk\/wp-json\/wp\/v2\/product\/2487","targetHints":{"allow":["GET"]}}],"collection":[{"href":"https:\/\/goalzero.eu\/dk\/wp-json\/wp\/v2\/product"}],"about":[{"href":"https:\/\/goalzero.eu\/dk\/wp-json\/wp\/v2\/types\/product"}],"replies":[{"embeddable":true,"href":"https:\/\/goalzero.eu\/dk\/wp-json\/wp\/v2\/comments?post=2487"}],"wp:featuredmedia":[{"embeddable":true,"href":"https:\/\/goalzero.eu\/dk\/wp-json\/wp\/v2\/media\/2626"}],"wp:attachment":[{"href":"https:\/\/goalzero.eu\/dk\/wp-json\/wp\/v2\/media?parent=2487"}],"wp:term":[{"taxonomy":"product_brand","embeddable":true,"href":"https:\/\/goalzero.eu\/dk\/wp-json\/wp\/v2\/product_brand?post=2487"},{"taxonomy":"product_cat","embeddable":true,"href":"https:\/\/goalzero.eu\/dk\/wp-json\/wp\/v2\/product_cat?post=2487"},{"taxonomy":"product_tag","embeddable":true,"href":"https:\/\/goalzero.eu\/dk\/wp-json\/wp\/v2\/product_tag?post=2487"},{"taxonomy":"activity","embeddable":true,"href":"https:\/\/goalzero.eu\/dk\/wp-json\/wp\/v2\/activity?post=2487"},{"taxonomy":"ideal_for","embeddable":true,"href":"https:\/\/goalzero.eu\/dk\/wp-json\/wp\/v2\/ideal_for?post=2487"},{"taxonomy":"ports","embeddable":true,"href":"https:\/\/goalzero.eu\/dk\/wp-json\/wp\/v2\/ports?post=2487"}],"curies":[{"name":"wp","href":"https:\/\/api.w.org\/{rel}","templated":true}]}}