{"id":2486,"date":"2021-06-11T15:31:41","date_gmt":"2021-06-11T13:31:41","guid":{"rendered":"https:\/\/goalzero.eu\/product\/goal-zero-crushlight\/"},"modified":"2025-08-04T16:05:46","modified_gmt":"2025-08-04T14:05:46","slug":"goal-zero-crushlight","status":"publish","type":"product","link":"https:\/\/goalzero.eu\/dk\/product\/goal-zero-crushlight\/","title":{"rendered":"CrushLight"},"content":{"rendered":"","protected":false},"excerpt":{"rendered":"<div><span lang=\"DA\">H\u00e6ng den op, t\u00e6nd den, pres den sammen. En solcelledrevet lanterne designet til din komfort. Byder p\u00e5 tre lysindstillinger og en funktion som flakkende stearinlys.<\/span><\/div>\n","protected":false},"featured_media":2617,"comment_status":"closed","ping_status":"closed","template":"","meta":[],"product_brand":[],"product_cat":[43,36],"product_tag":[],"activity":[21,67,19],"ideal_for":[75],"ports":[],"class_list":{"0":"post-2486","1":"product","2":"type-product","3":"status-publish","4":"has-post-thumbnail","6":"product_cat-lights-lanterns","7":"product_cat-lights","8":"product_shipping_class-goalzero","9":"activity-kamperen","10":"activity-festival","11":"activity-wereldreis","12":"ideal_for-tent","14":"first","15":"outofstock","16":"taxable","17":"shipping-taxable","18":"product-type-simple"},"bundled_by":[],"bundle_stock_status":"outofstock","bundle_stock_quantity":0,"bundle_virtual":false,"bundle_layout":"","bundle_add_to_cart_form_location":"","bundle_editable_in_cart":false,"bundle_sold_individually_context":"","bundle_item_grouping":"","bundle_min_size":"","bundle_max_size":"","bundle_price":[],"bundled_items":[],"bundle_sell_ids":[],"acf":[],"_links":{"self":[{"href":"https:\/\/goalzero.eu\/dk\/wp-json\/wp\/v2\/product\/2486","targetHints":{"allow":["GET"]}}],"collection":[{"href":"https:\/\/goalzero.eu\/dk\/wp-json\/wp\/v2\/product"}],"about":[{"href":"https:\/\/goalzero.eu\/dk\/wp-json\/wp\/v2\/types\/product"}],"replies":[{"embeddable":true,"href":"https:\/\/goalzero.eu\/dk\/wp-json\/wp\/v2\/comments?post=2486"}],"wp:featuredmedia":[{"embeddable":true,"href":"https:\/\/goalzero.eu\/dk\/wp-json\/wp\/v2\/media\/2617"}],"wp:attachment":[{"href":"https:\/\/goalzero.eu\/dk\/wp-json\/wp\/v2\/media?parent=2486"}],"wp:term":[{"taxonomy":"product_brand","embeddable":true,"href":"https:\/\/goalzero.eu\/dk\/wp-json\/wp\/v2\/product_brand?post=2486"},{"taxonomy":"product_cat","embeddable":true,"href":"https:\/\/goalzero.eu\/dk\/wp-json\/wp\/v2\/product_cat?post=2486"},{"taxonomy":"product_tag","embeddable":true,"href":"https:\/\/goalzero.eu\/dk\/wp-json\/wp\/v2\/product_tag?post=2486"},{"taxonomy":"activity","embeddable":true,"href":"https:\/\/goalzero.eu\/dk\/wp-json\/wp\/v2\/activity?post=2486"},{"taxonomy":"ideal_for","embeddable":true,"href":"https:\/\/goalzero.eu\/dk\/wp-json\/wp\/v2\/ideal_for?post=2486"},{"taxonomy":"ports","embeddable":true,"href":"https:\/\/goalzero.eu\/dk\/wp-json\/wp\/v2\/ports?post=2486"}],"curies":[{"name":"wp","href":"https:\/\/api.w.org\/{rel}","templated":true}]}}