{"id":2477,"date":"2021-06-11T15:31:32","date_gmt":"2021-06-11T13:31:32","guid":{"rendered":"https:\/\/goalzero.eu\/product\/goal-zero-venture-35\/"},"modified":"2025-08-04T16:05:46","modified_gmt":"2025-08-04T14:05:46","slug":"goal-zero-venture-35","status":"publish","type":"product","link":"https:\/\/goalzero.eu\/dk\/product\/goal-zero-venture-35\/","title":{"rendered":"Venture 35"},"content":{"rendered":"","protected":false},"excerpt":{"rendered":"<div><span lang=\"DA\">Venture 35 er designet med en \u00f8get beskyttelse mod elementerne og mere str\u00f8m end forg\u00e6ngeren, og er klar til hvad som helst. Powerbanken p\u00e5 9600 mAh er udstyret med en opgraderet Ip67-klassificering, og er nu st\u00f8vafvisende og vandt\u00e6t, hvilken giver dig ro til at str\u00f8mforsyne vigtigt udstyr p\u00e5 alle dine eventyr, uanset vind og vejr. Oplad Venture 35 p\u00e5 kun tre timer med den nye 18W USB-C port til levering af str\u00f8m, og forsyn flere enheder p\u00e5 engang med to ekstra USB udgangsporte.<\/span><\/div>\n","protected":false},"featured_media":1502,"comment_status":"closed","ping_status":"closed","template":"","meta":[],"product_brand":[],"product_cat":[83,37,18],"product_tag":[],"activity":[21,67,66,20,63,19],"ideal_for":[27,24,70,75],"ports":[],"class_list":{"0":"post-2477","1":"product","2":"type-product","3":"status-publish","4":"has-post-thumbnail","6":"product_cat-outlet","7":"product_cat-power-usb-c-power-banks","8":"product_cat-power","9":"product_shipping_class-goalzero","10":"activity-kamperen","11":"activity-festival","12":"activity-wandelen","13":"activity-fotograferen","14":"activity-reizen-zakelijk","15":"activity-wereldreis","16":"ideal_for-camera","17":"ideal_for-tablet","18":"ideal_for-telefoon","19":"ideal_for-tent","21":"first","22":"outofstock","23":"taxable","24":"shipping-taxable","25":"product-type-simple"},"bundled_by":[],"bundle_stock_status":"outofstock","bundle_stock_quantity":0,"bundle_virtual":false,"bundle_layout":"","bundle_add_to_cart_form_location":"","bundle_editable_in_cart":false,"bundle_sold_individually_context":"","bundle_item_grouping":"","bundle_min_size":"","bundle_max_size":"","bundle_price":[],"bundled_items":[],"bundle_sell_ids":[],"acf":[],"_links":{"self":[{"href":"https:\/\/goalzero.eu\/dk\/wp-json\/wp\/v2\/product\/2477","targetHints":{"allow":["GET"]}}],"collection":[{"href":"https:\/\/goalzero.eu\/dk\/wp-json\/wp\/v2\/product"}],"about":[{"href":"https:\/\/goalzero.eu\/dk\/wp-json\/wp\/v2\/types\/product"}],"replies":[{"embeddable":true,"href":"https:\/\/goalzero.eu\/dk\/wp-json\/wp\/v2\/comments?post=2477"}],"wp:featuredmedia":[{"embeddable":true,"href":"https:\/\/goalzero.eu\/dk\/wp-json\/wp\/v2\/media\/1502"}],"wp:attachment":[{"href":"https:\/\/goalzero.eu\/dk\/wp-json\/wp\/v2\/media?parent=2477"}],"wp:term":[{"taxonomy":"product_brand","embeddable":true,"href":"https:\/\/goalzero.eu\/dk\/wp-json\/wp\/v2\/product_brand?post=2477"},{"taxonomy":"product_cat","embeddable":true,"href":"https:\/\/goalzero.eu\/dk\/wp-json\/wp\/v2\/product_cat?post=2477"},{"taxonomy":"product_tag","embeddable":true,"href":"https:\/\/goalzero.eu\/dk\/wp-json\/wp\/v2\/product_tag?post=2477"},{"taxonomy":"activity","embeddable":true,"href":"https:\/\/goalzero.eu\/dk\/wp-json\/wp\/v2\/activity?post=2477"},{"taxonomy":"ideal_for","embeddable":true,"href":"https:\/\/goalzero.eu\/dk\/wp-json\/wp\/v2\/ideal_for?post=2477"},{"taxonomy":"ports","embeddable":true,"href":"https:\/\/goalzero.eu\/dk\/wp-json\/wp\/v2\/ports?post=2477"}],"curies":[{"name":"wp","href":"https:\/\/api.w.org\/{rel}","templated":true}]}}