{"id":2476,"date":"2021-06-11T15:31:32","date_gmt":"2021-06-11T13:31:32","guid":{"rendered":"https:\/\/goalzero.eu\/product\/goal-zero-yeti-200x\/"},"modified":"2025-08-04T16:05:46","modified_gmt":"2025-08-04T14:05:46","slug":"goal-zero-yeti-200x","status":"publish","type":"product","link":"https:\/\/goalzero.eu\/dk\/product\/goal-zero-yeti-200x\/","title":{"rendered":"Yeti 200X"},"content":{"rendered":"","protected":false},"excerpt":{"rendered":"<div><span lang=\"DA\">Yeti 200X er vores indtil nu bedste letv\u00e6gter af en str\u00f8mstation, og leverer 187 Watt-timers litium-str\u00f8m og den seneste lynopladningsteknologi i et kompakt, ultra-b\u00e6rbart design. Uanset om du er p\u00e5 farten i nogle f\u00e5 dage eller hele ugen, har du den helt perfekte m\u00e6ngde af str\u00f8m, s\u00e5 du kan holde dine vigtigste enheder opladet hjemmefra og til destinationen, og hele vejen hjem igen.<\/span><\/div>\n","protected":false},"featured_media":1779,"comment_status":"closed","ping_status":"closed","template":"","meta":[],"product_brand":[],"product_cat":[83,39,18],"product_tag":[],"activity":[21,67,64,20,23],"ideal_for":[27,28,73,71,72,25,35,77,24,70,26,75],"ports":[],"class_list":{"0":"post-2476","1":"product","2":"type-product","3":"status-publish","4":"has-post-thumbnail","6":"product_cat-outlet","7":"product_cat-power-power-stations","8":"product_cat-power","9":"product_shipping_class-goalzero","10":"activity-kamperen","11":"activity-festival","12":"activity-camper-inbouw","13":"activity-fotograferen","14":"activity-schuur-garage","15":"ideal_for-camera","16":"ideal_for-cool-box","17":"ideal_for-cpap","18":"ideal_for-laptop-type-c-stekker","19":"ideal_for-laptop-type-f-stekker","20":"ideal_for-laptop-usb-c","21":"ideal_for-camper","22":"ideal_for-powerbank","23":"ideal_for-tablet","24":"ideal_for-telefoon","25":"ideal_for-televisie","26":"ideal_for-tent","28":"first","29":"outofstock","30":"taxable","31":"shipping-taxable","32":"product-type-simple"},"bundled_by":[],"bundle_stock_status":"outofstock","bundle_stock_quantity":0,"bundle_virtual":false,"bundle_layout":"","bundle_add_to_cart_form_location":"","bundle_editable_in_cart":false,"bundle_sold_individually_context":"","bundle_item_grouping":"","bundle_min_size":"","bundle_max_size":"","bundle_price":[],"bundled_items":[],"bundle_sell_ids":[],"acf":[],"_links":{"self":[{"href":"https:\/\/goalzero.eu\/dk\/wp-json\/wp\/v2\/product\/2476","targetHints":{"allow":["GET"]}}],"collection":[{"href":"https:\/\/goalzero.eu\/dk\/wp-json\/wp\/v2\/product"}],"about":[{"href":"https:\/\/goalzero.eu\/dk\/wp-json\/wp\/v2\/types\/product"}],"replies":[{"embeddable":true,"href":"https:\/\/goalzero.eu\/dk\/wp-json\/wp\/v2\/comments?post=2476"}],"wp:featuredmedia":[{"embeddable":true,"href":"https:\/\/goalzero.eu\/dk\/wp-json\/wp\/v2\/media\/1779"}],"wp:attachment":[{"href":"https:\/\/goalzero.eu\/dk\/wp-json\/wp\/v2\/media?parent=2476"}],"wp:term":[{"taxonomy":"product_brand","embeddable":true,"href":"https:\/\/goalzero.eu\/dk\/wp-json\/wp\/v2\/product_brand?post=2476"},{"taxonomy":"product_cat","embeddable":true,"href":"https:\/\/goalzero.eu\/dk\/wp-json\/wp\/v2\/product_cat?post=2476"},{"taxonomy":"product_tag","embeddable":true,"href":"https:\/\/goalzero.eu\/dk\/wp-json\/wp\/v2\/product_tag?post=2476"},{"taxonomy":"activity","embeddable":true,"href":"https:\/\/goalzero.eu\/dk\/wp-json\/wp\/v2\/activity?post=2476"},{"taxonomy":"ideal_for","embeddable":true,"href":"https:\/\/goalzero.eu\/dk\/wp-json\/wp\/v2\/ideal_for?post=2476"},{"taxonomy":"ports","embeddable":true,"href":"https:\/\/goalzero.eu\/dk\/wp-json\/wp\/v2\/ports?post=2476"}],"curies":[{"name":"wp","href":"https:\/\/api.w.org\/{rel}","templated":true}]}}