{"id":2474,"date":"2021-06-11T15:31:32","date_gmt":"2021-06-11T13:31:32","guid":{"rendered":"https:\/\/goalzero.eu\/product\/goal-zero-sherpa-100ac\/"},"modified":"2025-08-04T16:05:46","modified_gmt":"2025-08-04T14:05:46","slug":"goal-zero-sherpa-100ac","status":"publish","type":"product","link":"https:\/\/goalzero.eu\/dk\/product\/goal-zero-sherpa-100ac\/","title":{"rendered":"Goal Zero Sherpa 100AC"},"content":{"rendered":"","protected":false},"excerpt":{"rendered":"<p>Sherpa 100AC er elegant og kraftfuld, og er lige pr\u00e6cis den b\u00e6rbare str\u00f8mkilde, du skal bruge til en alsidig str\u00f8m, n\u00e5r du er p\u00e5 farten. Powerbanken p\u00e5 94.72Wh er godkendt til luftfart og udstyret med innovative funktionaliteter s\u00e5som tr\u00e5dl\u00f8s opladning, h\u00f8jhastigheds levering af str\u00f8m, og et bredt udvalg af porte at v\u00e6lge imellem, til str\u00f8mforsyning af telefoner, tablets, DSLR-kameraer og b\u00e6rbare pc&#8217;er\u2014herunder MacBooks med et h\u00f8jt str\u00f8mforbrug.<\/p>\n","protected":false},"featured_media":1261,"comment_status":"closed","ping_status":"closed","template":"","meta":[],"product_brand":[],"product_cat":[83,37,18],"product_tag":[],"activity":[21,20,63,19],"ideal_for":[27,71,25,35,24,70,26,75],"ports":[],"class_list":{"0":"post-2474","1":"product","2":"type-product","3":"status-publish","4":"has-post-thumbnail","6":"product_cat-outlet","7":"product_cat-power-usb-c-power-banks","8":"product_cat-power","9":"product_shipping_class-goalzero","10":"activity-kamperen","11":"activity-fotograferen","12":"activity-reizen-zakelijk","13":"activity-wereldreis","14":"ideal_for-camera","15":"ideal_for-laptop-type-c-stekker","16":"ideal_for-laptop-usb-c","17":"ideal_for-camper","18":"ideal_for-tablet","19":"ideal_for-telefoon","20":"ideal_for-televisie","21":"ideal_for-tent","23":"first","24":"outofstock","25":"taxable","26":"shipping-taxable","27":"product-type-simple"},"bundled_by":[],"bundle_stock_status":"outofstock","bundle_stock_quantity":0,"bundle_virtual":false,"bundle_layout":"","bundle_add_to_cart_form_location":"","bundle_editable_in_cart":false,"bundle_sold_individually_context":"","bundle_item_grouping":"","bundle_min_size":"","bundle_max_size":"","bundle_price":[],"bundled_items":[],"bundle_sell_ids":[],"acf":[],"_links":{"self":[{"href":"https:\/\/goalzero.eu\/dk\/wp-json\/wp\/v2\/product\/2474","targetHints":{"allow":["GET"]}}],"collection":[{"href":"https:\/\/goalzero.eu\/dk\/wp-json\/wp\/v2\/product"}],"about":[{"href":"https:\/\/goalzero.eu\/dk\/wp-json\/wp\/v2\/types\/product"}],"replies":[{"embeddable":true,"href":"https:\/\/goalzero.eu\/dk\/wp-json\/wp\/v2\/comments?post=2474"}],"wp:featuredmedia":[{"embeddable":true,"href":"https:\/\/goalzero.eu\/dk\/wp-json\/wp\/v2\/media\/1261"}],"wp:attachment":[{"href":"https:\/\/goalzero.eu\/dk\/wp-json\/wp\/v2\/media?parent=2474"}],"wp:term":[{"taxonomy":"product_brand","embeddable":true,"href":"https:\/\/goalzero.eu\/dk\/wp-json\/wp\/v2\/product_brand?post=2474"},{"taxonomy":"product_cat","embeddable":true,"href":"https:\/\/goalzero.eu\/dk\/wp-json\/wp\/v2\/product_cat?post=2474"},{"taxonomy":"product_tag","embeddable":true,"href":"https:\/\/goalzero.eu\/dk\/wp-json\/wp\/v2\/product_tag?post=2474"},{"taxonomy":"activity","embeddable":true,"href":"https:\/\/goalzero.eu\/dk\/wp-json\/wp\/v2\/activity?post=2474"},{"taxonomy":"ideal_for","embeddable":true,"href":"https:\/\/goalzero.eu\/dk\/wp-json\/wp\/v2\/ideal_for?post=2474"},{"taxonomy":"ports","embeddable":true,"href":"https:\/\/goalzero.eu\/dk\/wp-json\/wp\/v2\/ports?post=2474"}],"curies":[{"name":"wp","href":"https:\/\/api.w.org\/{rel}","templated":true}]}}