{"id":2464,"date":"2021-06-11T15:31:32","date_gmt":"2021-06-11T13:31:32","guid":{"rendered":"https:\/\/goalzero.eu\/product\/goal-zero-nomad-100\/"},"modified":"2025-08-04T16:05:45","modified_gmt":"2025-08-04T14:05:45","slug":"goal-zero-nomad-100","status":"publish","type":"product","link":"https:\/\/goalzero.eu\/dk\/product\/goal-zero-nomad-100\/","title":{"rendered":"Nomad 100"},"content":{"rendered":"","protected":false},"excerpt":{"rendered":"<p>Vores 100 Watt foldbare panel er transportabelt, robust og kraftfuldt, og er designet til letv\u00e6gts-ture til mobile base camps og ekstreme eventyr. Med indbyggede opladningskabler til Sherpa powerbanks og b\u00e6rbare Goal Zero Yeti str\u00f8mstationer. Dette panel kan k\u00e6des sammen med flere andre solcellepaneler, s\u00e5 du opsamler mere str\u00f8m fra solen for det maksimale solcelleinput i Yeti 1000 og opefter, med 4X 8MM KOMBINATIONS HPP-KONNEKTOR.<\/p>\n","protected":false},"featured_media":1437,"comment_status":"closed","ping_status":"closed","template":"","meta":[],"product_brand":[],"product_cat":[83,41,15],"product_tag":[],"activity":[21,64],"ideal_for":[78],"ports":[],"class_list":{"0":"post-2464","1":"product","2":"type-product","3":"status-publish","4":"has-post-thumbnail","6":"product_cat-outlet","7":"product_cat-mobile","8":"product_cat-solar","9":"product_shipping_class-goalzero","10":"activity-kamperen","11":"activity-camper-inbouw","12":"ideal_for-power-station","14":"first","15":"outofstock","16":"taxable","17":"shipping-taxable","18":"product-type-simple"},"bundled_by":["3831"],"bundle_stock_status":"outofstock","bundle_stock_quantity":0,"bundle_virtual":false,"bundle_layout":"","bundle_add_to_cart_form_location":"","bundle_editable_in_cart":false,"bundle_sold_individually_context":"","bundle_item_grouping":"","bundle_min_size":"","bundle_max_size":"","bundle_price":[],"bundled_items":[],"bundle_sell_ids":[],"acf":[],"_links":{"self":[{"href":"https:\/\/goalzero.eu\/dk\/wp-json\/wp\/v2\/product\/2464","targetHints":{"allow":["GET"]}}],"collection":[{"href":"https:\/\/goalzero.eu\/dk\/wp-json\/wp\/v2\/product"}],"about":[{"href":"https:\/\/goalzero.eu\/dk\/wp-json\/wp\/v2\/types\/product"}],"replies":[{"embeddable":true,"href":"https:\/\/goalzero.eu\/dk\/wp-json\/wp\/v2\/comments?post=2464"}],"wp:featuredmedia":[{"embeddable":true,"href":"https:\/\/goalzero.eu\/dk\/wp-json\/wp\/v2\/media\/1437"}],"wp:attachment":[{"href":"https:\/\/goalzero.eu\/dk\/wp-json\/wp\/v2\/media?parent=2464"}],"wp:term":[{"taxonomy":"product_brand","embeddable":true,"href":"https:\/\/goalzero.eu\/dk\/wp-json\/wp\/v2\/product_brand?post=2464"},{"taxonomy":"product_cat","embeddable":true,"href":"https:\/\/goalzero.eu\/dk\/wp-json\/wp\/v2\/product_cat?post=2464"},{"taxonomy":"product_tag","embeddable":true,"href":"https:\/\/goalzero.eu\/dk\/wp-json\/wp\/v2\/product_tag?post=2464"},{"taxonomy":"activity","embeddable":true,"href":"https:\/\/goalzero.eu\/dk\/wp-json\/wp\/v2\/activity?post=2464"},{"taxonomy":"ideal_for","embeddable":true,"href":"https:\/\/goalzero.eu\/dk\/wp-json\/wp\/v2\/ideal_for?post=2464"},{"taxonomy":"ports","embeddable":true,"href":"https:\/\/goalzero.eu\/dk\/wp-json\/wp\/v2\/ports?post=2464"}],"curies":[{"name":"wp","href":"https:\/\/api.w.org\/{rel}","templated":true}]}}