{"id":2462,"date":"2021-06-11T15:31:32","date_gmt":"2021-06-11T13:31:32","guid":{"rendered":"https:\/\/goalzero.eu\/product\/goal-zero-nomad-50\/"},"modified":"2025-08-04T16:05:45","modified_gmt":"2025-08-04T14:05:45","slug":"goal-zero-nomad-50","status":"publish","type":"product","link":"https:\/\/goalzero.eu\/dk\/product\/goal-zero-nomad-50\/","title":{"rendered":"Nomad 50"},"content":{"rendered":"","protected":false},"excerpt":{"rendered":"<div><span lang=\"DA\">Nomad 50 er konstrueret robust til mobile base camps og offline eventyr, og er perfekt til l\u00e6ngere rejser, n\u00e5r du skal bruge mere str\u00f8m uden at give afkald p\u00e5 pladsen i bagagen. Det alsidige design med fire paneler g\u00f8r det nemt at folde det ud og opsamle str\u00f8m fra solen, n\u00e5r du er station\u00e6r, og kan hurtigt pakkes v\u00e6k p\u00e5 kun en smule plads i din bil, mens du er undervejs. Kombin\u00e9r det med en Yeti str\u00f8mstation, s\u00e5 du kan holde b\u00e6rbare pc&#8217;er opladet, lade dit transportable k\u00f8leskab k\u00f8re, og str\u00f8mforsyne vigtigt elektronisk udstyr.<\/span><\/div>\n","protected":false},"featured_media":1381,"comment_status":"closed","ping_status":"closed","template":"","meta":[],"product_brand":[],"product_cat":[83,40,15],"product_tag":[],"activity":[21,66,20,19],"ideal_for":[27,78,77,24,70],"ports":[],"class_list":{"0":"post-2462","1":"product","2":"type-product","3":"status-publish","4":"has-post-thumbnail","6":"product_cat-outlet","7":"product_cat-solar-portable","8":"product_cat-solar","9":"product_shipping_class-goalzero","10":"activity-kamperen","11":"activity-wandelen","12":"activity-fotograferen","13":"activity-wereldreis","14":"ideal_for-camera","15":"ideal_for-power-station","16":"ideal_for-powerbank","17":"ideal_for-tablet","18":"ideal_for-telefoon","20":"first","21":"outofstock","22":"taxable","23":"shipping-taxable","24":"product-type-simple"},"bundled_by":[],"bundle_stock_status":"outofstock","bundle_stock_quantity":0,"bundle_virtual":false,"bundle_layout":"","bundle_add_to_cart_form_location":"","bundle_editable_in_cart":false,"bundle_sold_individually_context":"","bundle_item_grouping":"","bundle_min_size":"","bundle_max_size":"","bundle_price":[],"bundled_items":[],"bundle_sell_ids":[],"acf":[],"_links":{"self":[{"href":"https:\/\/goalzero.eu\/dk\/wp-json\/wp\/v2\/product\/2462","targetHints":{"allow":["GET"]}}],"collection":[{"href":"https:\/\/goalzero.eu\/dk\/wp-json\/wp\/v2\/product"}],"about":[{"href":"https:\/\/goalzero.eu\/dk\/wp-json\/wp\/v2\/types\/product"}],"replies":[{"embeddable":true,"href":"https:\/\/goalzero.eu\/dk\/wp-json\/wp\/v2\/comments?post=2462"}],"wp:featuredmedia":[{"embeddable":true,"href":"https:\/\/goalzero.eu\/dk\/wp-json\/wp\/v2\/media\/1381"}],"wp:attachment":[{"href":"https:\/\/goalzero.eu\/dk\/wp-json\/wp\/v2\/media?parent=2462"}],"wp:term":[{"taxonomy":"product_brand","embeddable":true,"href":"https:\/\/goalzero.eu\/dk\/wp-json\/wp\/v2\/product_brand?post=2462"},{"taxonomy":"product_cat","embeddable":true,"href":"https:\/\/goalzero.eu\/dk\/wp-json\/wp\/v2\/product_cat?post=2462"},{"taxonomy":"product_tag","embeddable":true,"href":"https:\/\/goalzero.eu\/dk\/wp-json\/wp\/v2\/product_tag?post=2462"},{"taxonomy":"activity","embeddable":true,"href":"https:\/\/goalzero.eu\/dk\/wp-json\/wp\/v2\/activity?post=2462"},{"taxonomy":"ideal_for","embeddable":true,"href":"https:\/\/goalzero.eu\/dk\/wp-json\/wp\/v2\/ideal_for?post=2462"},{"taxonomy":"ports","embeddable":true,"href":"https:\/\/goalzero.eu\/dk\/wp-json\/wp\/v2\/ports?post=2462"}],"curies":[{"name":"wp","href":"https:\/\/api.w.org\/{rel}","templated":true}]}}