{"id":4250,"date":"2024-10-17T15:43:16","date_gmt":"2024-10-17T13:43:16","guid":{"rendered":"https:\/\/goalzero.eu\/be-fr\/?post_type=product&#038;p=4250"},"modified":"2025-08-04T16:01:03","modified_gmt":"2025-08-04T14:01:03","slug":"yeti-link-expansion-module-v3","status":"publish","type":"product","link":"https:\/\/goalzero.eu\/be-fr\/product\/yeti-link-expansion-module-v3\/","title":{"rendered":"Yeti Link Expansion Module (V3)"},"content":{"rendered":"","protected":false},"excerpt":{"rendered":"<p>Augmentez la capacit\u00e9 de stockage d\u2019\u00e9nergie de votre maison avec le module d\u2019extension Yeti Link et la batterie d\u2019extension Yeti Tank (vendus s\u00e9par\u00e9ment). Yeti Link vous permet de connecter des batteries plomb-acide Yeti Tank \u00e0 votre centrale au lithium Yeti X ou Yeti pour augmenter votre capacit\u00e9 de stockage \u00e0 des intervalles de 1,2 kWh. Le Yeti Link est livr\u00e9 avec sa propre alimentation de 120 W pour la charge \u00e0 partir de la prise murale.<br \/>\n<strong>Note d\u2019utilisation:<\/strong> \u00a0Le module d\u2019extension Yeti Link et le module d\u2019optimisation de la charge solaire Yeti Lithium MPPT utilisent la m\u00eame baie d\u2019extension, ils ne peuvent donc pas \u00eatre utilis\u00e9s en m\u00eame temps.<\/p>\n","protected":false},"featured_media":3541,"comment_status":"closed","ping_status":"closed","template":"","meta":[],"product_brand":[],"product_cat":[15],"product_tag":[],"activity":[],"ideal_for":[],"class_list":{"0":"post-4250","1":"product","2":"type-product","3":"status-publish","4":"has-post-thumbnail","6":"product_cat-solar","8":"first","9":"outofstock","10":"taxable","11":"shipping-taxable","12":"product-type-simple"},"bundled_by":["4246"],"bundle_stock_status":"outofstock","bundle_stock_quantity":0,"bundle_virtual":false,"bundle_layout":"","bundle_add_to_cart_form_location":"","bundle_editable_in_cart":false,"bundle_sold_individually_context":"","bundle_item_grouping":"","bundle_min_size":"","bundle_max_size":"","bundle_price":[],"bundled_items":[],"bundle_sell_ids":[],"acf":[],"_links":{"self":[{"href":"https:\/\/goalzero.eu\/be-fr\/wp-json\/wp\/v2\/product\/4250","targetHints":{"allow":["GET"]}}],"collection":[{"href":"https:\/\/goalzero.eu\/be-fr\/wp-json\/wp\/v2\/product"}],"about":[{"href":"https:\/\/goalzero.eu\/be-fr\/wp-json\/wp\/v2\/types\/product"}],"replies":[{"embeddable":true,"href":"https:\/\/goalzero.eu\/be-fr\/wp-json\/wp\/v2\/comments?post=4250"}],"wp:featuredmedia":[{"embeddable":true,"href":"https:\/\/goalzero.eu\/be-fr\/wp-json\/wp\/v2\/media\/3541"}],"wp:attachment":[{"href":"https:\/\/goalzero.eu\/be-fr\/wp-json\/wp\/v2\/media?parent=4250"}],"wp:term":[{"taxonomy":"product_brand","embeddable":true,"href":"https:\/\/goalzero.eu\/be-fr\/wp-json\/wp\/v2\/product_brand?post=4250"},{"taxonomy":"product_cat","embeddable":true,"href":"https:\/\/goalzero.eu\/be-fr\/wp-json\/wp\/v2\/product_cat?post=4250"},{"taxonomy":"product_tag","embeddable":true,"href":"https:\/\/goalzero.eu\/be-fr\/wp-json\/wp\/v2\/product_tag?post=4250"},{"taxonomy":"activity","embeddable":true,"href":"https:\/\/goalzero.eu\/be-fr\/wp-json\/wp\/v2\/activity?post=4250"},{"taxonomy":"ideal_for","embeddable":true,"href":"https:\/\/goalzero.eu\/be-fr\/wp-json\/wp\/v2\/ideal_for?post=4250"}],"curies":[{"name":"wp","href":"https:\/\/api.w.org\/{rel}","templated":true}]}}