{"id":3990,"date":"2024-03-07T14:33:31","date_gmt":"2024-03-07T13:33:31","guid":{"rendered":"https:\/\/goalzero.eu\/be-fr\/?post_type=product&#038;p=3990"},"modified":"2025-08-04T16:01:03","modified_gmt":"2025-08-04T14:01:03","slug":"goal-zero-alta-80","status":"publish","type":"product","link":"https:\/\/goalzero.eu\/be-fr\/product\/goal-zero-alta-80\/","title":{"rendered":"Alta 80"},"content":{"rendered":"","protected":false},"excerpt":{"rendered":"<p>Notre plus grand r\u00e9frig\u00e9rateur portable a une capacit\u00e9 accrue et deux compartiments pour un meilleur contr\u00f4le de la temp\u00e9rature. Avec 80 litres d&rsquo;espace, il offre de nombreux rangements. Associez-le \u00e0 votre centrale \u00e9lectrique Yeti pour garder les produits p\u00e9rissables au frais pendant des jours.<\/p>\n<p>Gr\u00e2ce aux r\u00e9frig\u00e9rateurs Alta, les r\u00e9frig\u00e9rateurs portables les plus \u00e9conomes en \u00e9nergie du march\u00e9, votre centrale \u00e9lectrique peut les faire fonctionner sans effort.<\/p>\n","protected":false},"featured_media":4034,"comment_status":"open","ping_status":"closed","template":"","meta":[],"product_brand":[],"product_cat":[82],"product_tag":[],"activity":[],"ideal_for":[],"class_list":{"0":"post-3990","1":"product","2":"type-product","3":"status-publish","4":"has-post-thumbnail","6":"product_cat-coolers","8":"first","9":"outofstock","10":"taxable","11":"shipping-taxable","12":"product-type-simple"},"bundled_by":[],"bundle_stock_status":"outofstock","bundle_stock_quantity":0,"bundle_virtual":false,"bundle_layout":"","bundle_add_to_cart_form_location":"","bundle_editable_in_cart":false,"bundle_sold_individually_context":"","bundle_item_grouping":"","bundle_min_size":"","bundle_max_size":"","bundle_price":[],"bundled_items":[],"bundle_sell_ids":[],"acf":[],"_links":{"self":[{"href":"https:\/\/goalzero.eu\/be-fr\/wp-json\/wp\/v2\/product\/3990","targetHints":{"allow":["GET"]}}],"collection":[{"href":"https:\/\/goalzero.eu\/be-fr\/wp-json\/wp\/v2\/product"}],"about":[{"href":"https:\/\/goalzero.eu\/be-fr\/wp-json\/wp\/v2\/types\/product"}],"replies":[{"embeddable":true,"href":"https:\/\/goalzero.eu\/be-fr\/wp-json\/wp\/v2\/comments?post=3990"}],"wp:featuredmedia":[{"embeddable":true,"href":"https:\/\/goalzero.eu\/be-fr\/wp-json\/wp\/v2\/media\/4034"}],"wp:attachment":[{"href":"https:\/\/goalzero.eu\/be-fr\/wp-json\/wp\/v2\/media?parent=3990"}],"wp:term":[{"taxonomy":"product_brand","embeddable":true,"href":"https:\/\/goalzero.eu\/be-fr\/wp-json\/wp\/v2\/product_brand?post=3990"},{"taxonomy":"product_cat","embeddable":true,"href":"https:\/\/goalzero.eu\/be-fr\/wp-json\/wp\/v2\/product_cat?post=3990"},{"taxonomy":"product_tag","embeddable":true,"href":"https:\/\/goalzero.eu\/be-fr\/wp-json\/wp\/v2\/product_tag?post=3990"},{"taxonomy":"activity","embeddable":true,"href":"https:\/\/goalzero.eu\/be-fr\/wp-json\/wp\/v2\/activity?post=3990"},{"taxonomy":"ideal_for","embeddable":true,"href":"https:\/\/goalzero.eu\/be-fr\/wp-json\/wp\/v2\/ideal_for?post=3990"}],"curies":[{"name":"wp","href":"https:\/\/api.w.org\/{rel}","templated":true}]}}