{"id":3910,"date":"2023-09-15T11:56:09","date_gmt":"2023-09-15T09:56:09","guid":{"rendered":"https:\/\/goalzero.eu\/be-fr\/?post_type=product&#038;p=3910"},"modified":"2025-08-04T16:00:44","modified_gmt":"2025-08-04T14:00:44","slug":"skylight","status":"publish","type":"product","link":"https:\/\/goalzero.eu\/be-fr\/product\/skylight\/","title":{"rendered":"Skylight"},"content":{"rendered":"","protected":false},"excerpt":{"rendered":"<p>Cette lampe d&rsquo;\u00e9clairage d&rsquo;ext\u00e9rieur facile \u00e0 installer et portable dispose de 6 000 lumens et peut \u00e9clairer jusqu&rsquo;\u00e0 91,44 m\u00e8tres, ce qui offre une visibilit\u00e9 beaucoup plus importante qu&rsquo;une lampe de camping standard. Emportez l&rsquo;\u00e9clairage personnalisable partout o\u00f9 vous allez. Utilisez-le lors de votre prochaine excursion de camping, dans votre jardin, pour \u00e9clairer un projet d&rsquo;am\u00e9lioration de l&rsquo;habitat ou partout o\u00f9 vous avez besoin d&rsquo;\u00e9clairer la nuit.<\/p>\n","protected":false},"featured_media":3950,"comment_status":"closed","ping_status":"closed","template":"","meta":[],"product_brand":[],"product_cat":[43,36],"product_tag":[],"activity":[21,68,22,64,20],"ideal_for":[],"class_list":{"0":"post-3910","1":"product","2":"type-product","3":"status-publish","4":"has-post-thumbnail","6":"product_cat-lights-lanterns","7":"product_cat-lights","8":"activity-kamperen","9":"activity-klussen-bouw","10":"activity-noodstroom","11":"activity-camper-inbouw","12":"activity-fotograferen","14":"first","15":"outofstock","16":"taxable","17":"shipping-taxable","18":"product-type-simple"},"bundled_by":[],"bundle_stock_status":"outofstock","bundle_stock_quantity":0,"bundle_virtual":false,"bundle_layout":"","bundle_add_to_cart_form_location":"","bundle_editable_in_cart":false,"bundle_sold_individually_context":"","bundle_item_grouping":"","bundle_min_size":"","bundle_max_size":"","bundle_price":[],"bundled_items":[],"bundle_sell_ids":[],"acf":[],"_links":{"self":[{"href":"https:\/\/goalzero.eu\/be-fr\/wp-json\/wp\/v2\/product\/3910","targetHints":{"allow":["GET"]}}],"collection":[{"href":"https:\/\/goalzero.eu\/be-fr\/wp-json\/wp\/v2\/product"}],"about":[{"href":"https:\/\/goalzero.eu\/be-fr\/wp-json\/wp\/v2\/types\/product"}],"replies":[{"embeddable":true,"href":"https:\/\/goalzero.eu\/be-fr\/wp-json\/wp\/v2\/comments?post=3910"}],"wp:featuredmedia":[{"embeddable":true,"href":"https:\/\/goalzero.eu\/be-fr\/wp-json\/wp\/v2\/media\/3950"}],"wp:attachment":[{"href":"https:\/\/goalzero.eu\/be-fr\/wp-json\/wp\/v2\/media?parent=3910"}],"wp:term":[{"taxonomy":"product_brand","embeddable":true,"href":"https:\/\/goalzero.eu\/be-fr\/wp-json\/wp\/v2\/product_brand?post=3910"},{"taxonomy":"product_cat","embeddable":true,"href":"https:\/\/goalzero.eu\/be-fr\/wp-json\/wp\/v2\/product_cat?post=3910"},{"taxonomy":"product_tag","embeddable":true,"href":"https:\/\/goalzero.eu\/be-fr\/wp-json\/wp\/v2\/product_tag?post=3910"},{"taxonomy":"activity","embeddable":true,"href":"https:\/\/goalzero.eu\/be-fr\/wp-json\/wp\/v2\/activity?post=3910"},{"taxonomy":"ideal_for","embeddable":true,"href":"https:\/\/goalzero.eu\/be-fr\/wp-json\/wp\/v2\/ideal_for?post=3910"}],"curies":[{"name":"wp","href":"https:\/\/api.w.org\/{rel}","templated":true}]}}