{"id":3696,"date":"2022-10-11T16:17:22","date_gmt":"2022-10-11T14:17:22","guid":{"rendered":"https:\/\/goalzero.eu\/be-fr\/?post_type=product&#038;p=3696"},"modified":"2025-08-04T16:00:44","modified_gmt":"2025-08-04T14:00:44","slug":"sherpa-100pd-gen4","status":"publish","type":"product","link":"https:\/\/goalzero.eu\/be-fr\/product\/sherpa-100pd-gen4\/","title":{"rendered":"Sherpa 100PD Gen4"},"content":{"rendered":"","protected":false},"excerpt":{"rendered":"<p>Le nouveau Sherpa 100PD approuv\u00e9 par les compagnies a\u00e9riennes offre une charge USB-C 60 % plus rapide avec 60 W d\u2019entr\u00e9e et 100 W de sortie, ainsi qu\u2019une charge sans fil de 15 W, la meilleure de sa cat\u00e9gorie. Chargez vos t\u00e9l\u00e9phones, tablettes et ordinateurs portables avec une puissance de 95 watt-heures tout en travaillant \u00e0 distance, et ayez l\u2019esprit tranquille en sachant que votre Sherpa 100PD est con\u00e7u pour durer tout au long de vos voyages. Le Sherpa 100PD est couvert par notre garantie de 2 ans pour une tranquillit\u00e9 d\u2019esprit suppl\u00e9mentaire.<\/p>\n","protected":false},"featured_media":3737,"comment_status":"closed","ping_status":"closed","template":"","meta":[],"product_brand":[],"product_cat":[18,83,37],"product_tag":[],"activity":[],"ideal_for":[],"class_list":{"0":"post-3696","1":"product","2":"type-product","3":"status-publish","4":"has-post-thumbnail","6":"product_cat-power","7":"product_cat-outlet","8":"product_cat-power-usb-c-power-banks","10":"first","11":"outofstock","12":"taxable","13":"shipping-taxable","14":"product-type-simple"},"bundled_by":[],"bundle_stock_status":"outofstock","bundle_stock_quantity":0,"bundle_virtual":false,"bundle_layout":"","bundle_add_to_cart_form_location":"","bundle_editable_in_cart":false,"bundle_sold_individually_context":"","bundle_item_grouping":"","bundle_min_size":"","bundle_max_size":"","bundle_price":[],"bundled_items":[],"bundle_sell_ids":[],"acf":[],"_links":{"self":[{"href":"https:\/\/goalzero.eu\/be-fr\/wp-json\/wp\/v2\/product\/3696","targetHints":{"allow":["GET"]}}],"collection":[{"href":"https:\/\/goalzero.eu\/be-fr\/wp-json\/wp\/v2\/product"}],"about":[{"href":"https:\/\/goalzero.eu\/be-fr\/wp-json\/wp\/v2\/types\/product"}],"replies":[{"embeddable":true,"href":"https:\/\/goalzero.eu\/be-fr\/wp-json\/wp\/v2\/comments?post=3696"}],"wp:featuredmedia":[{"embeddable":true,"href":"https:\/\/goalzero.eu\/be-fr\/wp-json\/wp\/v2\/media\/3737"}],"wp:attachment":[{"href":"https:\/\/goalzero.eu\/be-fr\/wp-json\/wp\/v2\/media?parent=3696"}],"wp:term":[{"taxonomy":"product_brand","embeddable":true,"href":"https:\/\/goalzero.eu\/be-fr\/wp-json\/wp\/v2\/product_brand?post=3696"},{"taxonomy":"product_cat","embeddable":true,"href":"https:\/\/goalzero.eu\/be-fr\/wp-json\/wp\/v2\/product_cat?post=3696"},{"taxonomy":"product_tag","embeddable":true,"href":"https:\/\/goalzero.eu\/be-fr\/wp-json\/wp\/v2\/product_tag?post=3696"},{"taxonomy":"activity","embeddable":true,"href":"https:\/\/goalzero.eu\/be-fr\/wp-json\/wp\/v2\/activity?post=3696"},{"taxonomy":"ideal_for","embeddable":true,"href":"https:\/\/goalzero.eu\/be-fr\/wp-json\/wp\/v2\/ideal_for?post=3696"}],"curies":[{"name":"wp","href":"https:\/\/api.w.org\/{rel}","templated":true}]}}