{"id":3691,"date":"2022-10-11T14:22:59","date_gmt":"2022-10-11T12:22:59","guid":{"rendered":"https:\/\/goalzero.eu\/be-fr\/?post_type=product&#038;p=3691"},"modified":"2025-08-04T16:00:44","modified_gmt":"2025-08-04T14:00:44","slug":"goal-zero-sherpa-100ac-gen4","status":"publish","type":"product","link":"https:\/\/goalzero.eu\/be-fr\/product\/goal-zero-sherpa-100ac-gen4\/","title":{"rendered":"Sherpa 100AC Gen4"},"content":{"rendered":"","protected":false},"excerpt":{"rendered":"<p>Nouveau, am\u00e9lior\u00e9 et approuv\u00e9 par les compagnies a\u00e9riennes, le Sherpa 100AC charge les t\u00e9l\u00e9phones, les tablettes et les ordinateurs portables avec une charge USB-C 60% plus rapide et une puissance de 95 wattheures. Emportez votre prise murale partout o\u00f9 vous voyagez avec le port AC du Sherpa et gardez votre t\u00e9l\u00e9phone sous tension avec la meilleure charge sans fil 15W de sa cat\u00e9gorie. Notre Sherpa 100AC est con\u00e7u pour durer et b\u00e9n\u00e9ficie de notre garantie de 2 ans pour une tranquillit\u00e9 d\u2019esprit suppl\u00e9mentaire.<\/p>\n","protected":false},"featured_media":3740,"comment_status":"closed","ping_status":"closed","template":"","meta":[],"product_brand":[],"product_cat":[83,37,18],"product_tag":[],"activity":[],"ideal_for":[],"class_list":{"0":"post-3691","1":"product","2":"type-product","3":"status-publish","4":"has-post-thumbnail","6":"product_cat-outlet","7":"product_cat-power-usb-c-power-banks","8":"product_cat-power","10":"first","11":"outofstock","12":"taxable","13":"shipping-taxable","14":"product-type-simple"},"bundled_by":[],"bundle_stock_status":"outofstock","bundle_stock_quantity":0,"bundle_virtual":false,"bundle_layout":"","bundle_add_to_cart_form_location":"","bundle_editable_in_cart":false,"bundle_sold_individually_context":"","bundle_item_grouping":"","bundle_min_size":"","bundle_max_size":"","bundle_price":[],"bundled_items":[],"bundle_sell_ids":[],"acf":[],"_links":{"self":[{"href":"https:\/\/goalzero.eu\/be-fr\/wp-json\/wp\/v2\/product\/3691","targetHints":{"allow":["GET"]}}],"collection":[{"href":"https:\/\/goalzero.eu\/be-fr\/wp-json\/wp\/v2\/product"}],"about":[{"href":"https:\/\/goalzero.eu\/be-fr\/wp-json\/wp\/v2\/types\/product"}],"replies":[{"embeddable":true,"href":"https:\/\/goalzero.eu\/be-fr\/wp-json\/wp\/v2\/comments?post=3691"}],"wp:featuredmedia":[{"embeddable":true,"href":"https:\/\/goalzero.eu\/be-fr\/wp-json\/wp\/v2\/media\/3740"}],"wp:attachment":[{"href":"https:\/\/goalzero.eu\/be-fr\/wp-json\/wp\/v2\/media?parent=3691"}],"wp:term":[{"taxonomy":"product_brand","embeddable":true,"href":"https:\/\/goalzero.eu\/be-fr\/wp-json\/wp\/v2\/product_brand?post=3691"},{"taxonomy":"product_cat","embeddable":true,"href":"https:\/\/goalzero.eu\/be-fr\/wp-json\/wp\/v2\/product_cat?post=3691"},{"taxonomy":"product_tag","embeddable":true,"href":"https:\/\/goalzero.eu\/be-fr\/wp-json\/wp\/v2\/product_tag?post=3691"},{"taxonomy":"activity","embeddable":true,"href":"https:\/\/goalzero.eu\/be-fr\/wp-json\/wp\/v2\/activity?post=3691"},{"taxonomy":"ideal_for","embeddable":true,"href":"https:\/\/goalzero.eu\/be-fr\/wp-json\/wp\/v2\/ideal_for?post=3691"}],"curies":[{"name":"wp","href":"https:\/\/api.w.org\/{rel}","templated":true}]}}