{"id":3613,"date":"2022-06-10T14:33:06","date_gmt":"2022-06-10T12:33:06","guid":{"rendered":"https:\/\/goalzero.eu\/be-fr\/?post_type=product&#038;p=3613"},"modified":"2025-08-04T16:00:44","modified_gmt":"2025-08-04T14:00:44","slug":"venture-jump","status":"publish","type":"product","link":"https:\/\/goalzero.eu\/be-fr\/product\/venture-jump\/","title":{"rendered":"Venture Jump"},"content":{"rendered":"","protected":false},"excerpt":{"rendered":"<p id=\"tw-target-text\" class=\"tw-data-text tw-text-large tw-ta\" dir=\"ltr\" data-placeholder=\"Vertaling\"><span class=\"Y2IQFc\" lang=\"fr\">Ne vous retrouvez plus jamais coinc\u00e9 avec une batterie de voiture d\u00e9charg\u00e9e\u00a0! Cette trousse d&rsquo;urgence essentielle de 800 amp\u00e8res d\u00e9marre votre voiture, sans avoir \u00e0 se brancher \u00e0 un autre v\u00e9hicule. Il sert \u00e9galement de banque d&rsquo;alimentation en un clin d&rsquo;\u0153il. Compatible avec la plupart des v\u00e9hicules jusqu&rsquo;\u00e0 6,0 L d&rsquo;essence ou 3,0 L de diesel.<\/span><\/p>\n","protected":false},"featured_media":3621,"comment_status":"closed","ping_status":"closed","template":"","meta":[],"product_brand":[],"product_cat":[15],"product_tag":[],"activity":[],"ideal_for":[],"class_list":{"0":"post-3613","1":"product","2":"type-product","3":"status-publish","4":"has-post-thumbnail","6":"product_cat-solar","8":"first","9":"outofstock","10":"taxable","11":"shipping-taxable","12":"product-type-simple"},"bundled_by":[],"bundle_stock_status":"outofstock","bundle_stock_quantity":0,"bundle_virtual":false,"bundle_layout":"","bundle_add_to_cart_form_location":"","bundle_editable_in_cart":false,"bundle_sold_individually_context":"","bundle_item_grouping":"","bundle_min_size":"","bundle_max_size":"","bundle_price":[],"bundled_items":[],"bundle_sell_ids":[],"acf":[],"_links":{"self":[{"href":"https:\/\/goalzero.eu\/be-fr\/wp-json\/wp\/v2\/product\/3613","targetHints":{"allow":["GET"]}}],"collection":[{"href":"https:\/\/goalzero.eu\/be-fr\/wp-json\/wp\/v2\/product"}],"about":[{"href":"https:\/\/goalzero.eu\/be-fr\/wp-json\/wp\/v2\/types\/product"}],"replies":[{"embeddable":true,"href":"https:\/\/goalzero.eu\/be-fr\/wp-json\/wp\/v2\/comments?post=3613"}],"wp:featuredmedia":[{"embeddable":true,"href":"https:\/\/goalzero.eu\/be-fr\/wp-json\/wp\/v2\/media\/3621"}],"wp:attachment":[{"href":"https:\/\/goalzero.eu\/be-fr\/wp-json\/wp\/v2\/media?parent=3613"}],"wp:term":[{"taxonomy":"product_brand","embeddable":true,"href":"https:\/\/goalzero.eu\/be-fr\/wp-json\/wp\/v2\/product_brand?post=3613"},{"taxonomy":"product_cat","embeddable":true,"href":"https:\/\/goalzero.eu\/be-fr\/wp-json\/wp\/v2\/product_cat?post=3613"},{"taxonomy":"product_tag","embeddable":true,"href":"https:\/\/goalzero.eu\/be-fr\/wp-json\/wp\/v2\/product_tag?post=3613"},{"taxonomy":"activity","embeddable":true,"href":"https:\/\/goalzero.eu\/be-fr\/wp-json\/wp\/v2\/activity?post=3613"},{"taxonomy":"ideal_for","embeddable":true,"href":"https:\/\/goalzero.eu\/be-fr\/wp-json\/wp\/v2\/ideal_for?post=3613"}],"curies":[{"name":"wp","href":"https:\/\/api.w.org\/{rel}","templated":true}]}}