{"id":3458,"date":"2021-09-15T17:13:45","date_gmt":"2021-09-15T15:13:45","guid":{"rendered":"https:\/\/goalzero.eu\/en\/?post_type=product&#038;p=3458"},"modified":"2025-08-04T16:00:44","modified_gmt":"2025-08-04T14:00:44","slug":"ranger-300-briefcase","status":"publish","type":"product","link":"https:\/\/goalzero.eu\/be-fr\/product\/ranger-300-briefcase\/","title":{"rendered":"Ranger 300 Briefcase"},"content":{"rendered":"","protected":false},"excerpt":{"rendered":"<div><span lang=\"fr\">Plus de solaire, moins de poids. Pr\u00e9sentation de la s\u00e9rie Goal Zero Ranger. D\u00e9butant avec le Ranger 300 Briefcase, nos nouveaux panneaux solaires rigides l\u00e9gers vous permettent d\u2019exploiter plus d\u2019\u00e9nergie solaire tout en conservant une portabilit\u00e9 suffisante pour \u00eatre facilement transport\u00e9 d\u2019un endroit \u00e0 l\u2019autre. Le Ranger 300 Briefcase s\u2019associe parfaitement \u00e0 notre centrale Yeti 1000X et mod\u00e8les au-dessus pour une solution compl\u00e8te d\u2019\u00e9nergie solaire \u00e0 utilisation <\/span><\/div>\n","protected":false},"featured_media":3468,"comment_status":"closed","ping_status":"closed","template":"","meta":[],"product_brand":[],"product_cat":[83,41,40,15],"product_tag":[],"activity":[],"ideal_for":[],"class_list":{"0":"post-3458","1":"product","2":"type-product","3":"status-publish","4":"has-post-thumbnail","6":"product_cat-outlet","7":"product_cat-mobile","8":"product_cat-solar-portable","9":"product_cat-solar","11":"first","12":"outofstock","13":"taxable","14":"shipping-taxable","15":"product-type-simple"},"bundled_by":["3882"],"bundle_stock_status":"outofstock","bundle_stock_quantity":0,"bundle_virtual":false,"bundle_layout":"","bundle_add_to_cart_form_location":"","bundle_editable_in_cart":false,"bundle_sold_individually_context":"","bundle_item_grouping":"","bundle_min_size":"","bundle_max_size":"","bundle_price":[],"bundled_items":[],"bundle_sell_ids":[],"acf":[],"_links":{"self":[{"href":"https:\/\/goalzero.eu\/be-fr\/wp-json\/wp\/v2\/product\/3458","targetHints":{"allow":["GET"]}}],"collection":[{"href":"https:\/\/goalzero.eu\/be-fr\/wp-json\/wp\/v2\/product"}],"about":[{"href":"https:\/\/goalzero.eu\/be-fr\/wp-json\/wp\/v2\/types\/product"}],"replies":[{"embeddable":true,"href":"https:\/\/goalzero.eu\/be-fr\/wp-json\/wp\/v2\/comments?post=3458"}],"wp:featuredmedia":[{"embeddable":true,"href":"https:\/\/goalzero.eu\/be-fr\/wp-json\/wp\/v2\/media\/3468"}],"wp:attachment":[{"href":"https:\/\/goalzero.eu\/be-fr\/wp-json\/wp\/v2\/media?parent=3458"}],"wp:term":[{"taxonomy":"product_brand","embeddable":true,"href":"https:\/\/goalzero.eu\/be-fr\/wp-json\/wp\/v2\/product_brand?post=3458"},{"taxonomy":"product_cat","embeddable":true,"href":"https:\/\/goalzero.eu\/be-fr\/wp-json\/wp\/v2\/product_cat?post=3458"},{"taxonomy":"product_tag","embeddable":true,"href":"https:\/\/goalzero.eu\/be-fr\/wp-json\/wp\/v2\/product_tag?post=3458"},{"taxonomy":"activity","embeddable":true,"href":"https:\/\/goalzero.eu\/be-fr\/wp-json\/wp\/v2\/activity?post=3458"},{"taxonomy":"ideal_for","embeddable":true,"href":"https:\/\/goalzero.eu\/be-fr\/wp-json\/wp\/v2\/ideal_for?post=3458"}],"curies":[{"name":"wp","href":"https:\/\/api.w.org\/{rel}","templated":true}]}}