{"id":2828,"date":"2021-06-21T16:32:10","date_gmt":"2021-06-21T14:32:10","guid":{"rendered":"https:\/\/goalzero.eu\/product\/goal-zero-venture-35-solar-kit\/"},"modified":"2025-08-04T16:00:44","modified_gmt":"2025-08-04T14:00:44","slug":"goal-zero-venture-35-solar-kit","status":"publish","type":"product","link":"https:\/\/goalzero.eu\/be-fr\/product\/goal-zero-venture-35-solar-kit\/","title":{"rendered":"Venture 35 + Nomad 10 Kit"},"content":{"rendered":"","protected":false},"excerpt":{"rendered":"<p>Le panneau Nomad 10 Watt vous offre la capacit\u00e9 de collecte solaire n\u00e9cessaire pour charger votre t\u00e9l\u00e9phone partout o\u00f9 le soleil brille. Repens\u00e9 pour une exp\u00e9rience de charge solaire plus transparente, le Nomad 10 dispose d\u2019une station d\u2019accueil Flip int\u00e9gr\u00e9e et d\u2019une b\u00e9quille r\u00e9glable qui se clique et se verrouille en place pour plus de stabilit\u00e9. Le port USB int\u00e9gr\u00e9 charge les t\u00e9l\u00e9phones, les banques d\u2019alimentation et autres petits appareils.<\/p>\n","protected":false},"featured_media":2836,"comment_status":"closed","ping_status":"closed","template":"","meta":[],"product_brand":[],"product_cat":[51,50,83,53],"product_tag":[],"activity":[],"ideal_for":[],"class_list":{"0":"post-2828","1":"product","2":"type-product","3":"status-publish","4":"has-post-thumbnail","6":"product_cat-kits-best-sellers","7":"product_cat-kits","8":"product_cat-outlet","9":"product_cat-kits-power-bank-kits","10":"product_shipping_class-goalzero","12":"first","13":"outofstock","14":"taxable","15":"shipping-taxable","16":"product-type-simple"},"bundled_by":[],"bundle_stock_status":"outofstock","bundle_stock_quantity":0,"bundle_virtual":false,"bundle_layout":"","bundle_add_to_cart_form_location":"","bundle_editable_in_cart":false,"bundle_sold_individually_context":"","bundle_item_grouping":"","bundle_min_size":"","bundle_max_size":"","bundle_price":[],"bundled_items":[],"bundle_sell_ids":[],"acf":[],"_links":{"self":[{"href":"https:\/\/goalzero.eu\/be-fr\/wp-json\/wp\/v2\/product\/2828","targetHints":{"allow":["GET"]}}],"collection":[{"href":"https:\/\/goalzero.eu\/be-fr\/wp-json\/wp\/v2\/product"}],"about":[{"href":"https:\/\/goalzero.eu\/be-fr\/wp-json\/wp\/v2\/types\/product"}],"replies":[{"embeddable":true,"href":"https:\/\/goalzero.eu\/be-fr\/wp-json\/wp\/v2\/comments?post=2828"}],"wp:featuredmedia":[{"embeddable":true,"href":"https:\/\/goalzero.eu\/be-fr\/wp-json\/wp\/v2\/media\/2836"}],"wp:attachment":[{"href":"https:\/\/goalzero.eu\/be-fr\/wp-json\/wp\/v2\/media?parent=2828"}],"wp:term":[{"taxonomy":"product_brand","embeddable":true,"href":"https:\/\/goalzero.eu\/be-fr\/wp-json\/wp\/v2\/product_brand?post=2828"},{"taxonomy":"product_cat","embeddable":true,"href":"https:\/\/goalzero.eu\/be-fr\/wp-json\/wp\/v2\/product_cat?post=2828"},{"taxonomy":"product_tag","embeddable":true,"href":"https:\/\/goalzero.eu\/be-fr\/wp-json\/wp\/v2\/product_tag?post=2828"},{"taxonomy":"activity","embeddable":true,"href":"https:\/\/goalzero.eu\/be-fr\/wp-json\/wp\/v2\/activity?post=2828"},{"taxonomy":"ideal_for","embeddable":true,"href":"https:\/\/goalzero.eu\/be-fr\/wp-json\/wp\/v2\/ideal_for?post=2828"}],"curies":[{"name":"wp","href":"https:\/\/api.w.org\/{rel}","templated":true}]}}