{"id":2518,"date":"2021-06-11T15:31:50","date_gmt":"2021-06-11T13:31:50","guid":{"rendered":"https:\/\/goalzero.eu\/product\/goal-zero-20a-laadregelaar\/"},"modified":"2025-08-04T16:00:41","modified_gmt":"2025-08-04T14:00:41","slug":"goal-zero-20a-charge-controller","status":"publish","type":"product","link":"https:\/\/goalzero.eu\/be-fr\/product\/goal-zero-20a-charge-controller\/","title":{"rendered":"20A Charge Controller"},"content":{"rendered":"","protected":false},"excerpt":{"rendered":"<div><span lang=\"FR-BE\">Le Goal Zero 20A Charge Controller permet de s<\/span><span lang=\"fr\">urveiller et r\u00e9guler l\u2019entr\u00e9e solaire pour les batteries 12V. Con\u00e7u pour s\u2019int\u00e9grer parfaitement aux panneaux solaires Goal Zero, le contr\u00f4leur de charge est livr\u00e9 avec un port haute puissance pr\u00e9install\u00e9 et un \u00e9cran LED facile \u00e0 lire. \u00c9quip\u00e9 d\u2019un indice de protection IP65, le contr\u00f4leur de charge est r\u00e9sistant aux intemp\u00e9ries et \u00e0 la poussi\u00e8re, ce qui permet une protection contre les \u00e9l\u00e9ments lors de l\u2019alimentation d\u2019aventures hors r\u00e9seau \u00e9lectrique ou \u00e9v\u00e9nements en plein air.<\/span><\/div>\n","protected":false},"featured_media":1512,"comment_status":"closed","ping_status":"closed","template":"","meta":[],"product_brand":[],"product_cat":[83,47,29],"product_tag":[],"activity":[],"ideal_for":[],"class_list":{"0":"post-2518","1":"product","2":"type-product","3":"status-publish","4":"has-post-thumbnail","6":"product_cat-outlet","7":"product_cat-accessoires-solar-accessoires","8":"product_cat-accessoires","9":"product_shipping_class-goalzero","11":"first","12":"outofstock","13":"taxable","14":"shipping-taxable","15":"product-type-simple"},"bundled_by":[],"bundle_stock_status":"outofstock","bundle_stock_quantity":0,"bundle_virtual":false,"bundle_layout":"","bundle_add_to_cart_form_location":"","bundle_editable_in_cart":false,"bundle_sold_individually_context":"","bundle_item_grouping":"","bundle_min_size":"","bundle_max_size":"","bundle_price":[],"bundled_items":[],"bundle_sell_ids":[],"acf":[],"_links":{"self":[{"href":"https:\/\/goalzero.eu\/be-fr\/wp-json\/wp\/v2\/product\/2518","targetHints":{"allow":["GET"]}}],"collection":[{"href":"https:\/\/goalzero.eu\/be-fr\/wp-json\/wp\/v2\/product"}],"about":[{"href":"https:\/\/goalzero.eu\/be-fr\/wp-json\/wp\/v2\/types\/product"}],"replies":[{"embeddable":true,"href":"https:\/\/goalzero.eu\/be-fr\/wp-json\/wp\/v2\/comments?post=2518"}],"wp:featuredmedia":[{"embeddable":true,"href":"https:\/\/goalzero.eu\/be-fr\/wp-json\/wp\/v2\/media\/1512"}],"wp:attachment":[{"href":"https:\/\/goalzero.eu\/be-fr\/wp-json\/wp\/v2\/media?parent=2518"}],"wp:term":[{"taxonomy":"product_brand","embeddable":true,"href":"https:\/\/goalzero.eu\/be-fr\/wp-json\/wp\/v2\/product_brand?post=2518"},{"taxonomy":"product_cat","embeddable":true,"href":"https:\/\/goalzero.eu\/be-fr\/wp-json\/wp\/v2\/product_cat?post=2518"},{"taxonomy":"product_tag","embeddable":true,"href":"https:\/\/goalzero.eu\/be-fr\/wp-json\/wp\/v2\/product_tag?post=2518"},{"taxonomy":"activity","embeddable":true,"href":"https:\/\/goalzero.eu\/be-fr\/wp-json\/wp\/v2\/activity?post=2518"},{"taxonomy":"ideal_for","embeddable":true,"href":"https:\/\/goalzero.eu\/be-fr\/wp-json\/wp\/v2\/ideal_for?post=2518"}],"curies":[{"name":"wp","href":"https:\/\/api.w.org\/{rel}","templated":true}]}}