{"id":2509,"date":"2021-06-11T15:31:50","date_gmt":"2021-06-11T13:31:50","guid":{"rendered":"https:\/\/goalzero.eu\/product\/goal-zero-yeti-rolkar\/"},"modified":"2025-08-04T16:01:02","modified_gmt":"2025-08-04T14:01:02","slug":"goal-zero-yeti-roll-cart","status":"publish","type":"product","link":"https:\/\/goalzero.eu\/be-fr\/product\/goal-zero-yeti-roll-cart\/","title":{"rendered":"Yeti Trolley"},"content":{"rendered":"","protected":false},"excerpt":{"rendered":"<div><span lang=\"fr\">Ce chariot robuste est con\u00e7u pour faciliter le d\u00e9placement des grandes centrales \u00e9lectriques portables Yeti. Dispose d\u2019une poign\u00e9e t\u00e9lescopique et de roues pour aller n\u2019importe o\u00f9 pour se rendre dans les endroits difficiles d\u2019acc\u00e8s. Pour une utilisation avec Stations Yeti X et Yeti Lithium de 1000W et plus. Inclus avec les Stations YETI 3000W et plus.<\/span><\/div>\n","protected":false},"featured_media":1556,"comment_status":"closed","ping_status":"closed","template":"","meta":[],"product_brand":[],"product_cat":[83,46,29],"product_tag":[],"activity":[21,22,23],"ideal_for":[27,28,25,35,24,26],"class_list":{"0":"post-2509","1":"product","2":"type-product","3":"status-publish","4":"has-post-thumbnail","6":"product_cat-outlet","7":"product_cat-accessoires-power-station-accessoires","8":"product_cat-accessoires","9":"product_shipping_class-goalzero","10":"activity-kamperen","11":"activity-noodstroom","12":"activity-schuur-garage","13":"ideal_for-camera","14":"ideal_for-cool-box","15":"ideal_for-laptop-usb-c","16":"ideal_for-camper","17":"ideal_for-tablet","18":"ideal_for-televisie","20":"first","21":"outofstock","22":"taxable","23":"shipping-taxable","24":"product-type-simple"},"bundled_by":[],"bundle_stock_status":"outofstock","bundle_stock_quantity":0,"bundle_virtual":false,"bundle_layout":"","bundle_add_to_cart_form_location":"","bundle_editable_in_cart":false,"bundle_sold_individually_context":"","bundle_item_grouping":"","bundle_min_size":"","bundle_max_size":"","bundle_price":[],"bundled_items":[],"bundle_sell_ids":[],"acf":[],"_links":{"self":[{"href":"https:\/\/goalzero.eu\/be-fr\/wp-json\/wp\/v2\/product\/2509","targetHints":{"allow":["GET"]}}],"collection":[{"href":"https:\/\/goalzero.eu\/be-fr\/wp-json\/wp\/v2\/product"}],"about":[{"href":"https:\/\/goalzero.eu\/be-fr\/wp-json\/wp\/v2\/types\/product"}],"replies":[{"embeddable":true,"href":"https:\/\/goalzero.eu\/be-fr\/wp-json\/wp\/v2\/comments?post=2509"}],"wp:featuredmedia":[{"embeddable":true,"href":"https:\/\/goalzero.eu\/be-fr\/wp-json\/wp\/v2\/media\/1556"}],"wp:attachment":[{"href":"https:\/\/goalzero.eu\/be-fr\/wp-json\/wp\/v2\/media?parent=2509"}],"wp:term":[{"taxonomy":"product_brand","embeddable":true,"href":"https:\/\/goalzero.eu\/be-fr\/wp-json\/wp\/v2\/product_brand?post=2509"},{"taxonomy":"product_cat","embeddable":true,"href":"https:\/\/goalzero.eu\/be-fr\/wp-json\/wp\/v2\/product_cat?post=2509"},{"taxonomy":"product_tag","embeddable":true,"href":"https:\/\/goalzero.eu\/be-fr\/wp-json\/wp\/v2\/product_tag?post=2509"},{"taxonomy":"activity","embeddable":true,"href":"https:\/\/goalzero.eu\/be-fr\/wp-json\/wp\/v2\/activity?post=2509"},{"taxonomy":"ideal_for","embeddable":true,"href":"https:\/\/goalzero.eu\/be-fr\/wp-json\/wp\/v2\/ideal_for?post=2509"}],"curies":[{"name":"wp","href":"https:\/\/api.w.org\/{rel}","templated":true}]}}