{"id":2507,"date":"2021-06-11T15:31:50","date_gmt":"2021-06-11T13:31:50","guid":{"rendered":"https:\/\/goalzero.eu\/product\/goal-zero-torch-500\/"},"modified":"2025-08-04T16:00:40","modified_gmt":"2025-08-04T14:00:40","slug":"goal-zero-torch-500","status":"publish","type":"product","link":"https:\/\/goalzero.eu\/be-fr\/product\/goal-zero-torch-500\/","title":{"rendered":"Torch 500"},"content":{"rendered":"","protected":false},"excerpt":{"rendered":"<div><span lang=\"fr\">La lumi\u00e8re de secours la plus fiable pour toutes les situations est maintenant \u00e9tanche. Dot\u00e9 d\u2019un indice de protection IP67, le nouveau Torch 500 est con\u00e7u pour r\u00e9sister aux \u00e9l\u00e9ments. Con\u00e7ue pour une utilisation multifonctionnelle, la torche dispose de 500 lumens de lumi\u00e8re LED brillante avec option de projection large ou \u00e9troite. Rechargez \u00e0 partir du soleil avec le panneau solaire int\u00e9gr\u00e9 ou de n\u2019importe quelle source USB, et chargez votre t\u00e9l\u00e9phone en un clin d\u2019\u0153il gr\u00e2ce \u00e0 la batterie accrue de 5200 mAh.<\/span><\/div>\n","protected":false},"featured_media":1542,"comment_status":"closed","ping_status":"closed","template":"","meta":[],"product_brand":[],"product_cat":[89,36],"product_tag":[],"activity":[21,22,20,19],"ideal_for":[27,28,35],"class_list":{"0":"post-2507","1":"product","2":"type-product","3":"status-publish","4":"has-post-thumbnail","6":"product_cat-flashlights-lights","7":"product_cat-lights","8":"product_shipping_class-goalzero","9":"activity-kamperen","10":"activity-noodstroom","11":"activity-fotograferen","12":"activity-wereldreis","13":"ideal_for-camera","14":"ideal_for-cool-box","15":"ideal_for-camper","17":"first","18":"outofstock","19":"taxable","20":"shipping-taxable","21":"product-type-simple"},"bundled_by":[],"bundle_stock_status":"outofstock","bundle_stock_quantity":0,"bundle_virtual":false,"bundle_layout":"","bundle_add_to_cart_form_location":"","bundle_editable_in_cart":false,"bundle_sold_individually_context":"","bundle_item_grouping":"","bundle_min_size":"","bundle_max_size":"","bundle_price":[],"bundled_items":[],"bundle_sell_ids":[],"acf":[],"_links":{"self":[{"href":"https:\/\/goalzero.eu\/be-fr\/wp-json\/wp\/v2\/product\/2507","targetHints":{"allow":["GET"]}}],"collection":[{"href":"https:\/\/goalzero.eu\/be-fr\/wp-json\/wp\/v2\/product"}],"about":[{"href":"https:\/\/goalzero.eu\/be-fr\/wp-json\/wp\/v2\/types\/product"}],"replies":[{"embeddable":true,"href":"https:\/\/goalzero.eu\/be-fr\/wp-json\/wp\/v2\/comments?post=2507"}],"wp:featuredmedia":[{"embeddable":true,"href":"https:\/\/goalzero.eu\/be-fr\/wp-json\/wp\/v2\/media\/1542"}],"wp:attachment":[{"href":"https:\/\/goalzero.eu\/be-fr\/wp-json\/wp\/v2\/media?parent=2507"}],"wp:term":[{"taxonomy":"product_brand","embeddable":true,"href":"https:\/\/goalzero.eu\/be-fr\/wp-json\/wp\/v2\/product_brand?post=2507"},{"taxonomy":"product_cat","embeddable":true,"href":"https:\/\/goalzero.eu\/be-fr\/wp-json\/wp\/v2\/product_cat?post=2507"},{"taxonomy":"product_tag","embeddable":true,"href":"https:\/\/goalzero.eu\/be-fr\/wp-json\/wp\/v2\/product_tag?post=2507"},{"taxonomy":"activity","embeddable":true,"href":"https:\/\/goalzero.eu\/be-fr\/wp-json\/wp\/v2\/activity?post=2507"},{"taxonomy":"ideal_for","embeddable":true,"href":"https:\/\/goalzero.eu\/be-fr\/wp-json\/wp\/v2\/ideal_for?post=2507"}],"curies":[{"name":"wp","href":"https:\/\/api.w.org\/{rel}","templated":true}]}}