{"id":2494,"date":"2021-06-11T15:31:41","date_gmt":"2021-06-11T13:31:41","guid":{"rendered":"https:\/\/goalzero.eu\/product\/goal-zero-yeti-1500x\/"},"modified":"2025-08-04T16:00:40","modified_gmt":"2025-08-04T14:00:40","slug":"goal-zero-yeti-1500x","status":"publish","type":"product","link":"https:\/\/goalzero.eu\/be-fr\/product\/goal-zero-yeti-1500x\/","title":{"rendered":"Yeti 1500X"},"content":{"rendered":"","protected":false},"excerpt":{"rendered":"<div><span lang=\"fr\">Notre grande centrale la plus vendue est maintenant livr\u00e9e avec encore plus de puissance et un onduleur plus grand pour vous permettre de vous attaquer \u00e0 n\u2019importe quel projet, \u00e0 l\u2019int\u00e9rieur ou \u00e0 l\u2019ext\u00e9rieur. Le nouvel onduleur AC 2000W vous permet de faire fonctionner tout ce que vous voulez \u00e0 partir d\u2019une prise murale. Alimentez des \u00e9v\u00e9nements hors r\u00e9seau \u00e9lectrique, des chantiers, des studios, des camps de base, des circuits essentiels dans votre maison, et plus encore.<\/span><\/div>\n","protected":false},"featured_media":1403,"comment_status":"closed","ping_status":"closed","template":"","meta":[],"product_brand":[],"product_cat":[39,18],"product_tag":[],"activity":[69,68,22,64,23],"ideal_for":[27,28,73,71,72,25,35,76,77,74,24,70,26,75],"class_list":{"0":"post-2494","1":"product","2":"type-product","3":"status-publish","4":"has-post-thumbnail","6":"product_cat-power-power-stations","7":"product_cat-power","8":"product_shipping_class-goalzero","9":"activity-barbecue-elektrisch","10":"activity-klussen-bouw","11":"activity-noodstroom","12":"activity-camper-inbouw","13":"activity-schuur-garage","14":"ideal_for-camera","15":"ideal_for-cool-box","16":"ideal_for-cpap","17":"ideal_for-laptop-type-c-stekker","18":"ideal_for-laptop-type-f-stekker","19":"ideal_for-laptop-usb-c","20":"ideal_for-camper","21":"ideal_for-elektrisch-gereedschap","22":"ideal_for-powerbank","23":"ideal_for-koelkast","24":"ideal_for-tablet","25":"ideal_for-telefoon","26":"ideal_for-televisie","27":"ideal_for-tent","29":"first","30":"outofstock","31":"taxable","32":"shipping-taxable","33":"product-type-simple"},"bundled_by":["3875","3876","4240","4246"],"bundle_stock_status":"outofstock","bundle_stock_quantity":0,"bundle_virtual":false,"bundle_layout":"","bundle_add_to_cart_form_location":"","bundle_editable_in_cart":false,"bundle_sold_individually_context":"","bundle_item_grouping":"","bundle_min_size":"","bundle_max_size":"","bundle_price":[],"bundled_items":[],"bundle_sell_ids":[],"acf":[],"_links":{"self":[{"href":"https:\/\/goalzero.eu\/be-fr\/wp-json\/wp\/v2\/product\/2494","targetHints":{"allow":["GET"]}}],"collection":[{"href":"https:\/\/goalzero.eu\/be-fr\/wp-json\/wp\/v2\/product"}],"about":[{"href":"https:\/\/goalzero.eu\/be-fr\/wp-json\/wp\/v2\/types\/product"}],"replies":[{"embeddable":true,"href":"https:\/\/goalzero.eu\/be-fr\/wp-json\/wp\/v2\/comments?post=2494"}],"wp:featuredmedia":[{"embeddable":true,"href":"https:\/\/goalzero.eu\/be-fr\/wp-json\/wp\/v2\/media\/1403"}],"wp:attachment":[{"href":"https:\/\/goalzero.eu\/be-fr\/wp-json\/wp\/v2\/media?parent=2494"}],"wp:term":[{"taxonomy":"product_brand","embeddable":true,"href":"https:\/\/goalzero.eu\/be-fr\/wp-json\/wp\/v2\/product_brand?post=2494"},{"taxonomy":"product_cat","embeddable":true,"href":"https:\/\/goalzero.eu\/be-fr\/wp-json\/wp\/v2\/product_cat?post=2494"},{"taxonomy":"product_tag","embeddable":true,"href":"https:\/\/goalzero.eu\/be-fr\/wp-json\/wp\/v2\/product_tag?post=2494"},{"taxonomy":"activity","embeddable":true,"href":"https:\/\/goalzero.eu\/be-fr\/wp-json\/wp\/v2\/activity?post=2494"},{"taxonomy":"ideal_for","embeddable":true,"href":"https:\/\/goalzero.eu\/be-fr\/wp-json\/wp\/v2\/ideal_for?post=2494"}],"curies":[{"name":"wp","href":"https:\/\/api.w.org\/{rel}","templated":true}]}}