{"id":2493,"date":"2021-06-11T15:31:41","date_gmt":"2021-06-11T13:31:41","guid":{"rendered":"https:\/\/goalzero.eu\/product\/goal-zero-yeti-1000x\/"},"modified":"2025-08-04T16:00:40","modified_gmt":"2025-08-04T14:00:40","slug":"goal-zero-yeti-1000x","status":"publish","type":"product","link":"https:\/\/goalzero.eu\/be-fr\/product\/goal-zero-yeti-1000x\/","title":{"rendered":"Yeti 1000X"},"content":{"rendered":"","protected":false},"excerpt":{"rendered":"<div><span lang=\"fr\">Alimenter vos appareils essentiels avec le Yeti 1000X. Notre centrale \u00e9lectrique de taille la plus polyvalente est assez grande pour alimenter des appareils de taille moyenne \u00e0 grande et suffisamment portable pour \u00eatre emport\u00e9e dans la voiture et vous accompagner n\u2019importe o\u00f9. Mise \u00e0 niveau pour inclure d\u00e9sormais un port de sortie USB-C, MPPT int\u00e9gr\u00e9 pour une efficacit\u00e9 de charge solaire accrue et des temps de recharge plus rapides. T\u00e9l\u00e9phones, ordinateurs portables, appareils photo, r\u00e9frig\u00e9rateurs portables, appareils m\u00e9dicaux, t\u00e9l\u00e9viseurs, etc.<\/span><\/div>\n","protected":false},"featured_media":1873,"comment_status":"closed","ping_status":"closed","template":"","meta":[],"product_brand":[],"product_cat":[83,39,18],"product_tag":[],"activity":[69,21,68,22,64,23],"ideal_for":[27,28,73,71,72,25,35,76,74,24,70,26,75],"class_list":{"0":"post-2493","1":"product","2":"type-product","3":"status-publish","4":"has-post-thumbnail","6":"product_cat-outlet","7":"product_cat-power-power-stations","8":"product_cat-power","9":"product_shipping_class-goalzero","10":"activity-barbecue-elektrisch","11":"activity-kamperen","12":"activity-klussen-bouw","13":"activity-noodstroom","14":"activity-camper-inbouw","15":"activity-schuur-garage","16":"ideal_for-camera","17":"ideal_for-cool-box","18":"ideal_for-cpap","19":"ideal_for-laptop-type-c-stekker","20":"ideal_for-laptop-type-f-stekker","21":"ideal_for-laptop-usb-c","22":"ideal_for-camper","23":"ideal_for-elektrisch-gereedschap","24":"ideal_for-koelkast","25":"ideal_for-tablet","26":"ideal_for-telefoon","27":"ideal_for-televisie","28":"ideal_for-tent","30":"first","31":"outofstock","32":"taxable","33":"shipping-taxable","34":"product-type-simple"},"bundled_by":[],"bundle_stock_status":"outofstock","bundle_stock_quantity":0,"bundle_virtual":false,"bundle_layout":"","bundle_add_to_cart_form_location":"","bundle_editable_in_cart":false,"bundle_sold_individually_context":"","bundle_item_grouping":"","bundle_min_size":"","bundle_max_size":"","bundle_price":[],"bundled_items":[],"bundle_sell_ids":[],"acf":[],"_links":{"self":[{"href":"https:\/\/goalzero.eu\/be-fr\/wp-json\/wp\/v2\/product\/2493","targetHints":{"allow":["GET"]}}],"collection":[{"href":"https:\/\/goalzero.eu\/be-fr\/wp-json\/wp\/v2\/product"}],"about":[{"href":"https:\/\/goalzero.eu\/be-fr\/wp-json\/wp\/v2\/types\/product"}],"replies":[{"embeddable":true,"href":"https:\/\/goalzero.eu\/be-fr\/wp-json\/wp\/v2\/comments?post=2493"}],"wp:featuredmedia":[{"embeddable":true,"href":"https:\/\/goalzero.eu\/be-fr\/wp-json\/wp\/v2\/media\/1873"}],"wp:attachment":[{"href":"https:\/\/goalzero.eu\/be-fr\/wp-json\/wp\/v2\/media?parent=2493"}],"wp:term":[{"taxonomy":"product_brand","embeddable":true,"href":"https:\/\/goalzero.eu\/be-fr\/wp-json\/wp\/v2\/product_brand?post=2493"},{"taxonomy":"product_cat","embeddable":true,"href":"https:\/\/goalzero.eu\/be-fr\/wp-json\/wp\/v2\/product_cat?post=2493"},{"taxonomy":"product_tag","embeddable":true,"href":"https:\/\/goalzero.eu\/be-fr\/wp-json\/wp\/v2\/product_tag?post=2493"},{"taxonomy":"activity","embeddable":true,"href":"https:\/\/goalzero.eu\/be-fr\/wp-json\/wp\/v2\/activity?post=2493"},{"taxonomy":"ideal_for","embeddable":true,"href":"https:\/\/goalzero.eu\/be-fr\/wp-json\/wp\/v2\/ideal_for?post=2493"}],"curies":[{"name":"wp","href":"https:\/\/api.w.org\/{rel}","templated":true}]}}