{"id":2492,"date":"2021-06-11T15:31:41","date_gmt":"2021-06-11T13:31:41","guid":{"rendered":"https:\/\/goalzero.eu\/product\/goal-zero-yeti-500x\/"},"modified":"2025-08-04T16:00:38","modified_gmt":"2025-08-04T14:00:38","slug":"goal-zero-yeti-500x","status":"publish","type":"product","link":"https:\/\/goalzero.eu\/be-fr\/product\/goal-zero-yeti-500x\/","title":{"rendered":"Yeti 500X"},"content":{"rendered":"","protected":false},"excerpt":{"rendered":"<div><span lang=\"fr\">Gardez tous vos appareils et appareils de petite et moyenne taille charg\u00e9s avec la centrale \u00e9lectrique portable Yeti 500X. Con\u00e7u pour embarquer 20% de puissance en plus dans une coque 20% plus petite et plus l\u00e9g\u00e8re que son pr\u00e9d\u00e9cesseur, le 500X est parfait pour les longs voyages de camping, les f\u00eates de jardin ou l\u2019alimentation en d\u00e9placement en cas d\u2019urgence.<\/span><\/div>\n","protected":false},"featured_media":1396,"comment_status":"closed","ping_status":"closed","template":"","meta":[],"product_brand":[],"product_cat":[83,39,18],"product_tag":[],"activity":[21,22,67,64,20,23],"ideal_for":[27,28,73,71,72,25,35,74,24,70,26,75],"class_list":{"0":"post-2492","1":"product","2":"type-product","3":"status-publish","4":"has-post-thumbnail","6":"product_cat-outlet","7":"product_cat-power-power-stations","8":"product_cat-power","9":"product_shipping_class-goalzero","10":"activity-kamperen","11":"activity-noodstroom","12":"activity-festival","13":"activity-camper-inbouw","14":"activity-fotograferen","15":"activity-schuur-garage","16":"ideal_for-camera","17":"ideal_for-cool-box","18":"ideal_for-cpap","19":"ideal_for-laptop-type-c-stekker","20":"ideal_for-laptop-type-f-stekker","21":"ideal_for-laptop-usb-c","22":"ideal_for-camper","23":"ideal_for-koelkast","24":"ideal_for-tablet","25":"ideal_for-telefoon","26":"ideal_for-televisie","27":"ideal_for-tent","29":"first","30":"outofstock","31":"taxable","32":"shipping-taxable","33":"product-type-simple"},"bundled_by":["3880","3966","4242","4241"],"bundle_stock_status":"outofstock","bundle_stock_quantity":0,"bundle_virtual":false,"bundle_layout":"","bundle_add_to_cart_form_location":"","bundle_editable_in_cart":false,"bundle_sold_individually_context":"","bundle_item_grouping":"","bundle_min_size":"","bundle_max_size":"","bundle_price":[],"bundled_items":[],"bundle_sell_ids":[],"acf":[],"_links":{"self":[{"href":"https:\/\/goalzero.eu\/be-fr\/wp-json\/wp\/v2\/product\/2492","targetHints":{"allow":["GET"]}}],"collection":[{"href":"https:\/\/goalzero.eu\/be-fr\/wp-json\/wp\/v2\/product"}],"about":[{"href":"https:\/\/goalzero.eu\/be-fr\/wp-json\/wp\/v2\/types\/product"}],"replies":[{"embeddable":true,"href":"https:\/\/goalzero.eu\/be-fr\/wp-json\/wp\/v2\/comments?post=2492"}],"wp:featuredmedia":[{"embeddable":true,"href":"https:\/\/goalzero.eu\/be-fr\/wp-json\/wp\/v2\/media\/1396"}],"wp:attachment":[{"href":"https:\/\/goalzero.eu\/be-fr\/wp-json\/wp\/v2\/media?parent=2492"}],"wp:term":[{"taxonomy":"product_brand","embeddable":true,"href":"https:\/\/goalzero.eu\/be-fr\/wp-json\/wp\/v2\/product_brand?post=2492"},{"taxonomy":"product_cat","embeddable":true,"href":"https:\/\/goalzero.eu\/be-fr\/wp-json\/wp\/v2\/product_cat?post=2492"},{"taxonomy":"product_tag","embeddable":true,"href":"https:\/\/goalzero.eu\/be-fr\/wp-json\/wp\/v2\/product_tag?post=2492"},{"taxonomy":"activity","embeddable":true,"href":"https:\/\/goalzero.eu\/be-fr\/wp-json\/wp\/v2\/activity?post=2492"},{"taxonomy":"ideal_for","embeddable":true,"href":"https:\/\/goalzero.eu\/be-fr\/wp-json\/wp\/v2\/ideal_for?post=2492"}],"curies":[{"name":"wp","href":"https:\/\/api.w.org\/{rel}","templated":true}]}}