{"id":2490,"date":"2021-06-11T15:31:41","date_gmt":"2021-06-11T13:31:41","guid":{"rendered":"https:\/\/goalzero.eu\/product\/goal-zero-boulder-100-briefcase\/"},"modified":"2025-08-04T16:01:02","modified_gmt":"2025-08-04T14:01:02","slug":"goal-zero-boulder-100-briefcase","status":"publish","type":"product","link":"https:\/\/goalzero.eu\/be-fr\/product\/goal-zero-boulder-100-briefcase\/","title":{"rendered":"Boulder 100 Briefcase"},"content":{"rendered":"","protected":false},"excerpt":{"rendered":"<div><span lang=\"fr\">Robuste, durable et rigide. Le panneau solaire Boulder 100 Briefcase est construit en verre tremp\u00e9 solide et un cadre en aluminium avec une protection d\u2019angle suppl\u00e9mentaire pour une installation temporaire ou permanente. Compos\u00e9 de deux panneaux solaires Boulder 50 (100 watts au total) coupl\u00e9s ensemble et reli\u00e9s par une charni\u00e8re. Equip\u00e9 d\u2019une b\u00e9quille int\u00e9gr\u00e9e pour aider \u00e0 obtenir un angle optimal au soleil. Inclus un sac de protection en toile pour un transport facile. Utilisez avec un bloc d\u2019alimentation portable Goal Zero pour charger votre \u00e9quipement de jour comme de nuit.<\/span><\/div>\n","protected":false},"featured_media":1298,"comment_status":"closed","ping_status":"closed","template":"","meta":[],"product_brand":[],"product_cat":[83,41,15],"product_tag":[],"activity":[69,22,64],"ideal_for":[35,78],"class_list":{"0":"post-2490","1":"product","2":"type-product","3":"status-publish","4":"has-post-thumbnail","6":"product_cat-outlet","7":"product_cat-mobile","8":"product_cat-solar","9":"product_shipping_class-goalzero","10":"activity-barbecue-elektrisch","11":"activity-noodstroom","12":"activity-camper-inbouw","13":"ideal_for-camper","14":"ideal_for-power-station","16":"first","17":"outofstock","18":"taxable","19":"shipping-taxable","20":"product-type-simple"},"bundled_by":["4242"],"bundle_stock_status":"outofstock","bundle_stock_quantity":0,"bundle_virtual":false,"bundle_layout":"","bundle_add_to_cart_form_location":"","bundle_editable_in_cart":false,"bundle_sold_individually_context":"","bundle_item_grouping":"","bundle_min_size":"","bundle_max_size":"","bundle_price":[],"bundled_items":[],"bundle_sell_ids":[],"acf":[],"_links":{"self":[{"href":"https:\/\/goalzero.eu\/be-fr\/wp-json\/wp\/v2\/product\/2490","targetHints":{"allow":["GET"]}}],"collection":[{"href":"https:\/\/goalzero.eu\/be-fr\/wp-json\/wp\/v2\/product"}],"about":[{"href":"https:\/\/goalzero.eu\/be-fr\/wp-json\/wp\/v2\/types\/product"}],"replies":[{"embeddable":true,"href":"https:\/\/goalzero.eu\/be-fr\/wp-json\/wp\/v2\/comments?post=2490"}],"wp:featuredmedia":[{"embeddable":true,"href":"https:\/\/goalzero.eu\/be-fr\/wp-json\/wp\/v2\/media\/1298"}],"wp:attachment":[{"href":"https:\/\/goalzero.eu\/be-fr\/wp-json\/wp\/v2\/media?parent=2490"}],"wp:term":[{"taxonomy":"product_brand","embeddable":true,"href":"https:\/\/goalzero.eu\/be-fr\/wp-json\/wp\/v2\/product_brand?post=2490"},{"taxonomy":"product_cat","embeddable":true,"href":"https:\/\/goalzero.eu\/be-fr\/wp-json\/wp\/v2\/product_cat?post=2490"},{"taxonomy":"product_tag","embeddable":true,"href":"https:\/\/goalzero.eu\/be-fr\/wp-json\/wp\/v2\/product_tag?post=2490"},{"taxonomy":"activity","embeddable":true,"href":"https:\/\/goalzero.eu\/be-fr\/wp-json\/wp\/v2\/activity?post=2490"},{"taxonomy":"ideal_for","embeddable":true,"href":"https:\/\/goalzero.eu\/be-fr\/wp-json\/wp\/v2\/ideal_for?post=2490"}],"curies":[{"name":"wp","href":"https:\/\/api.w.org\/{rel}","templated":true}]}}