{"id":2488,"date":"2021-06-11T15:31:41","date_gmt":"2021-06-11T13:31:41","guid":{"rendered":"https:\/\/goalzero.eu\/product\/goal-zero-boulder-50\/"},"modified":"2025-08-04T16:00:38","modified_gmt":"2025-08-04T14:00:38","slug":"goal-zero-boulder-50","status":"publish","type":"product","link":"https:\/\/goalzero.eu\/be-fr\/product\/goal-zero-boulder-50\/","title":{"rendered":"Boulder 50"},"content":{"rendered":"","protected":false},"excerpt":{"rendered":"<p>Robuste, durable et rigide. Le panneau solaire Boulder 50 est construit en verre tremp\u00e9 solide et un cadre en aluminium avec une protection d\u2019angle suppl\u00e9mentaire pour une installation temporaire ou permanente. Equip\u00e9 d\u2019une b\u00e9quille int\u00e9gr\u00e9e pour aider \u00e0 obtenir un angle optimal au soleil. Utilisez-le avec un bloc d\u2019alimentation portable Goal Zero ou une centrale \u00e9lectrique portable pour charger votre \u00e9quipement de jour comme de nuit.<\/p>\n","protected":false},"featured_media":1287,"comment_status":"closed","ping_status":"closed","template":"","meta":[],"product_brand":[],"product_cat":[83,42,15],"product_tag":[],"activity":[69,68,22,23],"ideal_for":[35,78],"class_list":{"0":"post-2488","1":"product","2":"type-product","3":"status-publish","4":"has-post-thumbnail","6":"product_cat-outlet","7":"product_cat-mountable","8":"product_cat-solar","9":"product_shipping_class-goalzero","10":"activity-barbecue-elektrisch","11":"activity-klussen-bouw","12":"activity-noodstroom","13":"activity-schuur-garage","14":"ideal_for-camper","15":"ideal_for-power-station","17":"first","18":"outofstock","19":"taxable","20":"shipping-taxable","21":"product-type-simple"},"bundled_by":["3966"],"bundle_stock_status":"outofstock","bundle_stock_quantity":0,"bundle_virtual":false,"bundle_layout":"","bundle_add_to_cart_form_location":"","bundle_editable_in_cart":false,"bundle_sold_individually_context":"","bundle_item_grouping":"","bundle_min_size":"","bundle_max_size":"","bundle_price":[],"bundled_items":[],"bundle_sell_ids":[],"acf":[],"_links":{"self":[{"href":"https:\/\/goalzero.eu\/be-fr\/wp-json\/wp\/v2\/product\/2488","targetHints":{"allow":["GET"]}}],"collection":[{"href":"https:\/\/goalzero.eu\/be-fr\/wp-json\/wp\/v2\/product"}],"about":[{"href":"https:\/\/goalzero.eu\/be-fr\/wp-json\/wp\/v2\/types\/product"}],"replies":[{"embeddable":true,"href":"https:\/\/goalzero.eu\/be-fr\/wp-json\/wp\/v2\/comments?post=2488"}],"wp:featuredmedia":[{"embeddable":true,"href":"https:\/\/goalzero.eu\/be-fr\/wp-json\/wp\/v2\/media\/1287"}],"wp:attachment":[{"href":"https:\/\/goalzero.eu\/be-fr\/wp-json\/wp\/v2\/media?parent=2488"}],"wp:term":[{"taxonomy":"product_brand","embeddable":true,"href":"https:\/\/goalzero.eu\/be-fr\/wp-json\/wp\/v2\/product_brand?post=2488"},{"taxonomy":"product_cat","embeddable":true,"href":"https:\/\/goalzero.eu\/be-fr\/wp-json\/wp\/v2\/product_cat?post=2488"},{"taxonomy":"product_tag","embeddable":true,"href":"https:\/\/goalzero.eu\/be-fr\/wp-json\/wp\/v2\/product_tag?post=2488"},{"taxonomy":"activity","embeddable":true,"href":"https:\/\/goalzero.eu\/be-fr\/wp-json\/wp\/v2\/activity?post=2488"},{"taxonomy":"ideal_for","embeddable":true,"href":"https:\/\/goalzero.eu\/be-fr\/wp-json\/wp\/v2\/ideal_for?post=2488"}],"curies":[{"name":"wp","href":"https:\/\/api.w.org\/{rel}","templated":true}]}}