{"id":2484,"date":"2021-06-11T15:31:41","date_gmt":"2021-06-11T13:31:41","guid":{"rendered":"https:\/\/goalzero.eu\/product\/goal-zero-lighthouse-600\/"},"modified":"2025-08-04T16:00:38","modified_gmt":"2025-08-04T14:00:38","slug":"goal-zero-lighthouse-600","status":"publish","type":"product","link":"https:\/\/goalzero.eu\/be-fr\/product\/goal-zero-lighthouse-600\/","title":{"rendered":"Lighthouse 600"},"content":{"rendered":"","protected":false},"excerpt":{"rendered":"<p>Nous avons am\u00e9lior\u00e9 notre lanterne la plus vendue pour fournir 600 lumens de lumi\u00e8re multidirectionnelle et r\u00e9glable. Dot\u00e9 de caract\u00e9ristiques uniques, le Lighthouse 600 s\u2019adapte pour \u00e9clairer n\u2019importe quelle situation; parfait pour le camping, les \u00e9v\u00e9nements en plein air ou l\u2019utilisation d\u2019urgence. Dot\u00e9 d\u2019une batterie interne au lithium, le Lighthouse sert m\u00eame de hub d\u2019alimentation pour charger les t\u00e9l\u00e9phones et les petits p\u00e9riph\u00e9riques USB.<\/p>\n","protected":false},"featured_media":1348,"comment_status":"closed","ping_status":"closed","template":"","meta":[],"product_brand":[],"product_cat":[86,88,83],"product_tag":[],"activity":[21,19],"ideal_for":[27,28,35,26],"class_list":{"0":"post-2484","1":"product","2":"type-product","3":"status-publish","4":"has-post-thumbnail","6":"product_cat-lampen","7":"product_cat-lantaarns","8":"product_cat-outlet","9":"product_shipping_class-goalzero","10":"activity-kamperen","11":"activity-wereldreis","12":"ideal_for-camera","13":"ideal_for-cool-box","14":"ideal_for-camper","15":"ideal_for-televisie","17":"first","18":"outofstock","19":"taxable","20":"shipping-taxable","21":"product-type-simple"},"bundled_by":[],"bundle_stock_status":"outofstock","bundle_stock_quantity":0,"bundle_virtual":false,"bundle_layout":"","bundle_add_to_cart_form_location":"","bundle_editable_in_cart":false,"bundle_sold_individually_context":"","bundle_item_grouping":"","bundle_min_size":"","bundle_max_size":"","bundle_price":[],"bundled_items":[],"bundle_sell_ids":[],"acf":[],"_links":{"self":[{"href":"https:\/\/goalzero.eu\/be-fr\/wp-json\/wp\/v2\/product\/2484","targetHints":{"allow":["GET"]}}],"collection":[{"href":"https:\/\/goalzero.eu\/be-fr\/wp-json\/wp\/v2\/product"}],"about":[{"href":"https:\/\/goalzero.eu\/be-fr\/wp-json\/wp\/v2\/types\/product"}],"replies":[{"embeddable":true,"href":"https:\/\/goalzero.eu\/be-fr\/wp-json\/wp\/v2\/comments?post=2484"}],"wp:featuredmedia":[{"embeddable":true,"href":"https:\/\/goalzero.eu\/be-fr\/wp-json\/wp\/v2\/media\/1348"}],"wp:attachment":[{"href":"https:\/\/goalzero.eu\/be-fr\/wp-json\/wp\/v2\/media?parent=2484"}],"wp:term":[{"taxonomy":"product_brand","embeddable":true,"href":"https:\/\/goalzero.eu\/be-fr\/wp-json\/wp\/v2\/product_brand?post=2484"},{"taxonomy":"product_cat","embeddable":true,"href":"https:\/\/goalzero.eu\/be-fr\/wp-json\/wp\/v2\/product_cat?post=2484"},{"taxonomy":"product_tag","embeddable":true,"href":"https:\/\/goalzero.eu\/be-fr\/wp-json\/wp\/v2\/product_tag?post=2484"},{"taxonomy":"activity","embeddable":true,"href":"https:\/\/goalzero.eu\/be-fr\/wp-json\/wp\/v2\/activity?post=2484"},{"taxonomy":"ideal_for","embeddable":true,"href":"https:\/\/goalzero.eu\/be-fr\/wp-json\/wp\/v2\/ideal_for?post=2484"}],"curies":[{"name":"wp","href":"https:\/\/api.w.org\/{rel}","templated":true}]}}