{"id":2478,"date":"2021-06-11T15:31:32","date_gmt":"2021-06-11T13:31:32","guid":{"rendered":"https:\/\/goalzero.eu\/product\/goal-zero-venture-75\/"},"modified":"2025-08-04T16:00:38","modified_gmt":"2025-08-04T14:00:38","slug":"goal-zero-venture-75","status":"publish","type":"product","link":"https:\/\/goalzero.eu\/be-fr\/product\/goal-zero-venture-75\/","title":{"rendered":"Venture 75"},"content":{"rendered":"","protected":false},"excerpt":{"rendered":"<p>La technologie de charge rapide coupl\u00e9e \u00e0 la durabilit\u00e9 robuste. Le nouveau Venture 75 allie le meilleur des deux mondes. Notre banque d\u2019alimentation am\u00e9lior\u00e9e de 19200 mAh dispose d\u2019un indice ip67 \u00e9tanche \u00e0 la poussi\u00e8re \/ \u00e0 l\u2019eau et d\u2019un port USB-C con\u00e7u pour acc\u00e9l\u00e9rer la charge et rationaliser le transport des c\u00e2bles. Mettez sous tension des tablettes, des ordinateurs portables et d\u2019autres p\u00e9riph\u00e9riques USB-C \u00e0 l\u2019aide du port USB-C Power Delivery de 60 W, puis utilisez le m\u00eame port pour recharger rapidement la banque d\u2019alimentation en 1,5 heure. Id\u00e9al pour les loisirs de plein air, les voyages et les utilisations d\u2019urgence.<\/p>\n","protected":false},"featured_media":1494,"comment_status":"closed","ping_status":"closed","template":"","meta":[],"product_brand":[],"product_cat":[37,18],"product_tag":[],"activity":[21,67,66,20,63,19],"ideal_for":[27,25,24,70,75],"class_list":{"0":"post-2478","1":"product","2":"type-product","3":"status-publish","4":"has-post-thumbnail","6":"product_cat-power-usb-c-power-banks","7":"product_cat-power","8":"product_shipping_class-goalzero","9":"activity-kamperen","10":"activity-festival","11":"activity-wandelen","12":"activity-fotograferen","13":"activity-reizen-zakelijk","14":"activity-wereldreis","15":"ideal_for-camera","16":"ideal_for-laptop-usb-c","17":"ideal_for-tablet","18":"ideal_for-telefoon","19":"ideal_for-tent","21":"first","22":"outofstock","23":"taxable","24":"shipping-taxable","25":"product-type-simple"},"bundled_by":[],"bundle_stock_status":"outofstock","bundle_stock_quantity":0,"bundle_virtual":false,"bundle_layout":"","bundle_add_to_cart_form_location":"","bundle_editable_in_cart":false,"bundle_sold_individually_context":"","bundle_item_grouping":"","bundle_min_size":"","bundle_max_size":"","bundle_price":[],"bundled_items":[],"bundle_sell_ids":[],"acf":[],"_links":{"self":[{"href":"https:\/\/goalzero.eu\/be-fr\/wp-json\/wp\/v2\/product\/2478","targetHints":{"allow":["GET"]}}],"collection":[{"href":"https:\/\/goalzero.eu\/be-fr\/wp-json\/wp\/v2\/product"}],"about":[{"href":"https:\/\/goalzero.eu\/be-fr\/wp-json\/wp\/v2\/types\/product"}],"replies":[{"embeddable":true,"href":"https:\/\/goalzero.eu\/be-fr\/wp-json\/wp\/v2\/comments?post=2478"}],"wp:featuredmedia":[{"embeddable":true,"href":"https:\/\/goalzero.eu\/be-fr\/wp-json\/wp\/v2\/media\/1494"}],"wp:attachment":[{"href":"https:\/\/goalzero.eu\/be-fr\/wp-json\/wp\/v2\/media?parent=2478"}],"wp:term":[{"taxonomy":"product_brand","embeddable":true,"href":"https:\/\/goalzero.eu\/be-fr\/wp-json\/wp\/v2\/product_brand?post=2478"},{"taxonomy":"product_cat","embeddable":true,"href":"https:\/\/goalzero.eu\/be-fr\/wp-json\/wp\/v2\/product_cat?post=2478"},{"taxonomy":"product_tag","embeddable":true,"href":"https:\/\/goalzero.eu\/be-fr\/wp-json\/wp\/v2\/product_tag?post=2478"},{"taxonomy":"activity","embeddable":true,"href":"https:\/\/goalzero.eu\/be-fr\/wp-json\/wp\/v2\/activity?post=2478"},{"taxonomy":"ideal_for","embeddable":true,"href":"https:\/\/goalzero.eu\/be-fr\/wp-json\/wp\/v2\/ideal_for?post=2478"}],"curies":[{"name":"wp","href":"https:\/\/api.w.org\/{rel}","templated":true}]}}