{"id":2477,"date":"2021-06-11T15:31:32","date_gmt":"2021-06-11T13:31:32","guid":{"rendered":"https:\/\/goalzero.eu\/product\/goal-zero-venture-35\/"},"modified":"2025-08-04T16:00:38","modified_gmt":"2025-08-04T14:00:38","slug":"goal-zero-venture-35","status":"publish","type":"product","link":"https:\/\/goalzero.eu\/be-fr\/product\/goal-zero-venture-35\/","title":{"rendered":"Venture 35"},"content":{"rendered":"","protected":false},"excerpt":{"rendered":"<div><span lang=\"fr\">Con\u00e7u avec une protection accrue contre les \u00e9l\u00e9ments et avec plus de puissance que son pr\u00e9d\u00e9cesseur, le nouveau Venture 35 est pr\u00eat \u00e0 tout. \u00c9quip\u00e9e d\u2019un indice de protection IP67 am\u00e9lior\u00e9, la banque d\u2019alimentation de 9600 mAh est maintenant \u00e9tanche \u00e0 la poussi\u00e8re et \u00e0 l\u2019eau, ce qui vous donne la confiance n\u00e9cessaire pour alimenter les appareils essentiels \u00e0 travers n\u2019importe quelle aventure, qu\u2019il pleuve ou qu\u2019il fasse beau. Rechargez le Venture 35 en seulement trois heures \u00e0 l\u2019aide du nouveau port USB-C Power Delivery de 18 W et alimentez plusieurs appareils \u00e0 la fois avec l\u2019ajout de deux ports de sortie USB.<\/span><\/div>\n","protected":false},"featured_media":1502,"comment_status":"closed","ping_status":"closed","template":"","meta":[],"product_brand":[],"product_cat":[83,37,18],"product_tag":[],"activity":[21,67,66,20,63,19],"ideal_for":[27,24,70,75],"class_list":{"0":"post-2477","1":"product","2":"type-product","3":"status-publish","4":"has-post-thumbnail","6":"product_cat-outlet","7":"product_cat-power-usb-c-power-banks","8":"product_cat-power","9":"product_shipping_class-goalzero","10":"activity-kamperen","11":"activity-festival","12":"activity-wandelen","13":"activity-fotograferen","14":"activity-reizen-zakelijk","15":"activity-wereldreis","16":"ideal_for-camera","17":"ideal_for-tablet","18":"ideal_for-telefoon","19":"ideal_for-tent","21":"first","22":"outofstock","23":"taxable","24":"shipping-taxable","25":"product-type-simple"},"bundled_by":[],"bundle_stock_status":"outofstock","bundle_stock_quantity":0,"bundle_virtual":false,"bundle_layout":"","bundle_add_to_cart_form_location":"","bundle_editable_in_cart":false,"bundle_sold_individually_context":"","bundle_item_grouping":"","bundle_min_size":"","bundle_max_size":"","bundle_price":[],"bundled_items":[],"bundle_sell_ids":[],"acf":[],"_links":{"self":[{"href":"https:\/\/goalzero.eu\/be-fr\/wp-json\/wp\/v2\/product\/2477","targetHints":{"allow":["GET"]}}],"collection":[{"href":"https:\/\/goalzero.eu\/be-fr\/wp-json\/wp\/v2\/product"}],"about":[{"href":"https:\/\/goalzero.eu\/be-fr\/wp-json\/wp\/v2\/types\/product"}],"replies":[{"embeddable":true,"href":"https:\/\/goalzero.eu\/be-fr\/wp-json\/wp\/v2\/comments?post=2477"}],"wp:featuredmedia":[{"embeddable":true,"href":"https:\/\/goalzero.eu\/be-fr\/wp-json\/wp\/v2\/media\/1502"}],"wp:attachment":[{"href":"https:\/\/goalzero.eu\/be-fr\/wp-json\/wp\/v2\/media?parent=2477"}],"wp:term":[{"taxonomy":"product_brand","embeddable":true,"href":"https:\/\/goalzero.eu\/be-fr\/wp-json\/wp\/v2\/product_brand?post=2477"},{"taxonomy":"product_cat","embeddable":true,"href":"https:\/\/goalzero.eu\/be-fr\/wp-json\/wp\/v2\/product_cat?post=2477"},{"taxonomy":"product_tag","embeddable":true,"href":"https:\/\/goalzero.eu\/be-fr\/wp-json\/wp\/v2\/product_tag?post=2477"},{"taxonomy":"activity","embeddable":true,"href":"https:\/\/goalzero.eu\/be-fr\/wp-json\/wp\/v2\/activity?post=2477"},{"taxonomy":"ideal_for","embeddable":true,"href":"https:\/\/goalzero.eu\/be-fr\/wp-json\/wp\/v2\/ideal_for?post=2477"}],"curies":[{"name":"wp","href":"https:\/\/api.w.org\/{rel}","templated":true}]}}