{"id":2463,"date":"2021-06-11T15:31:32","date_gmt":"2021-06-11T13:31:32","guid":{"rendered":"https:\/\/goalzero.eu\/product\/goal-zero-nomad-200\/"},"modified":"2025-08-04T16:00:38","modified_gmt":"2025-08-04T14:00:38","slug":"goal-zero-nomad-200","status":"publish","type":"product","link":"https:\/\/goalzero.eu\/be-fr\/product\/goal-zero-nomad-200\/","title":{"rendered":"Nomad 200"},"content":{"rendered":"","protected":false},"excerpt":{"rendered":"<div><span lang=\"fr\">Comme leur homonyme, notre gamme de panneaux Nomad pliables est con\u00e7ue pour la vie en d\u00e9placement. Notre grande offre solaire la plus portable, l<\/span><span lang=\"fr\">es NOMAD se replient au quart de leur taille r\u00e9elle, ce qui les rend id\u00e9aux pour les situations o\u00f9 les besoins en \u00e9nergie sont importants et l\u2019espace limit\u00e9. Le Nomad 200 fournit jusqu\u2019\u00e0 200 watts d\u2019\u00e9nergie solaire pour maintenir une centrale Yeti charg\u00e9e et alimenter des ordinateurs portables aux r\u00e9frig\u00e9rateurs en passant par les appareils m\u00e9dicaux, pendant des jours.<\/span><\/div>\n","protected":false},"featured_media":1388,"comment_status":"closed","ping_status":"closed","template":"","meta":[],"product_brand":[],"product_cat":[83,41,15],"product_tag":[],"activity":[21,64],"ideal_for":[78],"class_list":{"0":"post-2463","1":"product","2":"type-product","3":"status-publish","4":"has-post-thumbnail","6":"product_cat-outlet","7":"product_cat-mobile","8":"product_cat-solar","9":"product_shipping_class-goalzero","10":"activity-kamperen","11":"activity-camper-inbouw","12":"ideal_for-power-station","14":"first","15":"outofstock","16":"taxable","17":"shipping-taxable","18":"product-type-simple"},"bundled_by":["3876"],"bundle_stock_status":"outofstock","bundle_stock_quantity":0,"bundle_virtual":false,"bundle_layout":"","bundle_add_to_cart_form_location":"","bundle_editable_in_cart":false,"bundle_sold_individually_context":"","bundle_item_grouping":"","bundle_min_size":"","bundle_max_size":"","bundle_price":[],"bundled_items":[],"bundle_sell_ids":[],"acf":[],"_links":{"self":[{"href":"https:\/\/goalzero.eu\/be-fr\/wp-json\/wp\/v2\/product\/2463","targetHints":{"allow":["GET"]}}],"collection":[{"href":"https:\/\/goalzero.eu\/be-fr\/wp-json\/wp\/v2\/product"}],"about":[{"href":"https:\/\/goalzero.eu\/be-fr\/wp-json\/wp\/v2\/types\/product"}],"replies":[{"embeddable":true,"href":"https:\/\/goalzero.eu\/be-fr\/wp-json\/wp\/v2\/comments?post=2463"}],"wp:featuredmedia":[{"embeddable":true,"href":"https:\/\/goalzero.eu\/be-fr\/wp-json\/wp\/v2\/media\/1388"}],"wp:attachment":[{"href":"https:\/\/goalzero.eu\/be-fr\/wp-json\/wp\/v2\/media?parent=2463"}],"wp:term":[{"taxonomy":"product_brand","embeddable":true,"href":"https:\/\/goalzero.eu\/be-fr\/wp-json\/wp\/v2\/product_brand?post=2463"},{"taxonomy":"product_cat","embeddable":true,"href":"https:\/\/goalzero.eu\/be-fr\/wp-json\/wp\/v2\/product_cat?post=2463"},{"taxonomy":"product_tag","embeddable":true,"href":"https:\/\/goalzero.eu\/be-fr\/wp-json\/wp\/v2\/product_tag?post=2463"},{"taxonomy":"activity","embeddable":true,"href":"https:\/\/goalzero.eu\/be-fr\/wp-json\/wp\/v2\/activity?post=2463"},{"taxonomy":"ideal_for","embeddable":true,"href":"https:\/\/goalzero.eu\/be-fr\/wp-json\/wp\/v2\/ideal_for?post=2463"}],"curies":[{"name":"wp","href":"https:\/\/api.w.org\/{rel}","templated":true}]}}