{"id":2461,"date":"2021-06-11T15:31:32","date_gmt":"2021-06-11T13:31:32","guid":{"rendered":"https:\/\/goalzero.eu\/product\/goal-zero-nomad-20\/"},"modified":"2025-08-04T16:00:37","modified_gmt":"2025-08-04T14:00:37","slug":"goal-zero-nomad-20","status":"publish","type":"product","link":"https:\/\/goalzero.eu\/be-fr\/product\/goal-zero-nomad-20\/","title":{"rendered":"Nomad 20"},"content":{"rendered":"","protected":false},"excerpt":{"rendered":"<div><span lang=\"fr\">Chargez une large gamme d\u2019appareils de petite \u00e0 moyenne taille \u00e0 partir du soleil avec ce panneau solaire pliable de 20 watts. Le Nomad 20 dispose de notre nouveau design de chargeur solaire, assez durable pour durer toute l\u2019aventure et assez \u00e9l\u00e9gant pour tenir dans n\u2019importe quel sac. Comprend un stockage par c\u00e2ble int\u00e9gr\u00e9, une station d\u2019accueil Flip int\u00e9gr\u00e9e et une b\u00e9quille r\u00e9glable.<\/span><\/div>\n","protected":false},"featured_media":1839,"comment_status":"closed","ping_status":"closed","template":"","meta":[],"product_brand":[],"product_cat":[40,15],"product_tag":[],"activity":[21,66,20,19],"ideal_for":[27,77,24,70],"class_list":{"0":"post-2461","1":"product","2":"type-product","3":"status-publish","4":"has-post-thumbnail","6":"product_cat-solar-portable","7":"product_cat-solar","8":"product_shipping_class-goalzero","9":"activity-kamperen","10":"activity-wandelen","11":"activity-fotograferen","12":"activity-wereldreis","13":"ideal_for-camera","14":"ideal_for-powerbank","15":"ideal_for-tablet","16":"ideal_for-telefoon","18":"first","19":"outofstock","20":"taxable","21":"shipping-taxable","22":"product-type-simple"},"bundled_by":[],"bundle_stock_status":"outofstock","bundle_stock_quantity":0,"bundle_virtual":false,"bundle_layout":"","bundle_add_to_cart_form_location":"","bundle_editable_in_cart":false,"bundle_sold_individually_context":"","bundle_item_grouping":"","bundle_min_size":"","bundle_max_size":"","bundle_price":[],"bundled_items":[],"bundle_sell_ids":[],"acf":[],"_links":{"self":[{"href":"https:\/\/goalzero.eu\/be-fr\/wp-json\/wp\/v2\/product\/2461","targetHints":{"allow":["GET"]}}],"collection":[{"href":"https:\/\/goalzero.eu\/be-fr\/wp-json\/wp\/v2\/product"}],"about":[{"href":"https:\/\/goalzero.eu\/be-fr\/wp-json\/wp\/v2\/types\/product"}],"replies":[{"embeddable":true,"href":"https:\/\/goalzero.eu\/be-fr\/wp-json\/wp\/v2\/comments?post=2461"}],"wp:featuredmedia":[{"embeddable":true,"href":"https:\/\/goalzero.eu\/be-fr\/wp-json\/wp\/v2\/media\/1839"}],"wp:attachment":[{"href":"https:\/\/goalzero.eu\/be-fr\/wp-json\/wp\/v2\/media?parent=2461"}],"wp:term":[{"taxonomy":"product_brand","embeddable":true,"href":"https:\/\/goalzero.eu\/be-fr\/wp-json\/wp\/v2\/product_brand?post=2461"},{"taxonomy":"product_cat","embeddable":true,"href":"https:\/\/goalzero.eu\/be-fr\/wp-json\/wp\/v2\/product_cat?post=2461"},{"taxonomy":"product_tag","embeddable":true,"href":"https:\/\/goalzero.eu\/be-fr\/wp-json\/wp\/v2\/product_tag?post=2461"},{"taxonomy":"activity","embeddable":true,"href":"https:\/\/goalzero.eu\/be-fr\/wp-json\/wp\/v2\/activity?post=2461"},{"taxonomy":"ideal_for","embeddable":true,"href":"https:\/\/goalzero.eu\/be-fr\/wp-json\/wp\/v2\/ideal_for?post=2461"}],"curies":[{"name":"wp","href":"https:\/\/api.w.org\/{rel}","templated":true}]}}